{"id":3422,"date":"2024-07-23T08:31:33","date_gmt":"2024-07-23T08:31:33","guid":{"rendered":"https:\/\/www.ecocontact.eu\/encuesta-de-satisfaccion\/"},"modified":"2024-07-23T08:36:21","modified_gmt":"2024-07-23T08:36:21","slug":"encuesta-de-satisfaccion","status":"publish","type":"page","link":"https:\/\/www.ecocontact.eu\/es\/encuesta-de-satisfaccion\/","title":{"rendered":"Encuesta de Satisfacci\u00f3n"},"content":{"rendered":"<div  class='flex_column av-1vawud-500f6f2b56a17ca5f94628fe1f9beb08 av_one_full  avia-builder-el-0  el_before_av_hr  avia-builder-el-first  first flex_column_div  '     ><section  class='av_textblock_section av-lyy4plkw-8a0f8149577e46bbe53f4046eca6a203 '   itemscope=\"itemscope\" itemtype=\"https:\/\/schema.org\/CreativeWork\" ><div class='avia_textblock'  itemprop=\"text\" ><h2 style=\"text-align: center;\"><span class=\"OYPEnA font-feature-liga-off font-feature-clig-off font-feature-calt-off text-decoration-none text-strikethrough-none\">\u00a1Su opini\u00f3n cuenta!<\/span><\/h2>\n<\/div><\/section><\/div>\n\n<style type=\"text\/css\" data-created_by=\"avia_inline_auto\" id=\"style-css-av-lyy50i1x-df2dd6d72a0a1d7c3f630c5a34f28b90\">\n#top .hr.hr-invisible.av-lyy50i1x-df2dd6d72a0a1d7c3f630c5a34f28b90{\nheight:30px;\n}\n<\/style>\n<div  class='hr av-lyy50i1x-df2dd6d72a0a1d7c3f630c5a34f28b90 hr-invisible  avia-builder-el-2  el_after_av_one_full  el_before_av_textblock '><span class='hr-inner '><span class=\"hr-inner-style\"><\/span><\/span><\/div>\n<section  class='av_textblock_section av-lyy4qg32-dc130787d1a753c251e25c8b403f7656 '   itemscope=\"itemscope\" itemtype=\"https:\/\/schema.org\/CreativeWork\" ><div class='avia_textblock'  itemprop=\"text\" ><p style=\"text-align: center;\">Usted ha realizado un pedido de ECOCONTACT\u00ae y nos gustar\u00eda conocer su opini\u00f3n sobre esta experiencia.<\/p>\n<p style=\"text-align: center;\">Su retroalimentaci\u00f3n nos ayudar\u00e1 a mejorar la calidad de nuestros servicios y a satisfacer mejor sus expectativas.<\/p>\n<p style=\"text-align: center;\">\u00a1Gracias por tomarse el tiempo de compartir sus pensamientos con nosotros!<\/p>\n<\/div><\/section>\n<div  class='flex_column av-6f4485-1831cca66f62bb93c2202fa4fa7b5c9c av_two_fifth  avia-builder-el-4  el_after_av_textblock  el_before_av_three_fifth  first flex_column_div  column-top-margin'     ><style type=\"text\/css\" data-created_by=\"avia_inline_auto\" id=\"style-css-av-lyy4r9r1-4f9845755ac6246d9a6b0c3406d797f1\">\n.avia-image-container.av-lyy4r9r1-4f9845755ac6246d9a6b0c3406d797f1 img.avia_image{\nbox-shadow:none;\n}\n.avia-image-container.av-lyy4r9r1-4f9845755ac6246d9a6b0c3406d797f1 .av-image-caption-overlay-center{\ncolor:#ffffff;\n}\n<\/style>\n<div  class='avia-image-container av-lyy4r9r1-4f9845755ac6246d9a6b0c3406d797f1 av-styling- avia-align-center  avia-builder-el-5  avia-builder-el-no-sibling '   itemprop=\"image\" itemscope=\"itemscope\" itemtype=\"https:\/\/schema.org\/ImageObject\" ><div class=\"avia-image-container-inner\"><div class=\"avia-image-overlay-wrap\"><img decoding=\"async\" class='wp-image-3429 avia-img-lazy-loading-not-3429 avia_image ' src=\"https:\/\/www.ecocontact.eu\/wp-content\/uploads\/2024\/07\/Ecocontact-satisfaction-ES.jpg\" alt='' title='Ecocontact-satisfaction ES'  height=\"1008\" width=\"1416\"  itemprop=\"thumbnailUrl\" srcset=\"https:\/\/www.ecocontact.eu\/wp-content\/uploads\/2024\/07\/Ecocontact-satisfaction-ES.jpg 1416w, https:\/\/www.ecocontact.eu\/wp-content\/uploads\/2024\/07\/Ecocontact-satisfaction-ES-300x214.jpg 300w, https:\/\/www.ecocontact.eu\/wp-content\/uploads\/2024\/07\/Ecocontact-satisfaction-ES-1030x733.jpg 1030w, https:\/\/www.ecocontact.eu\/wp-content\/uploads\/2024\/07\/Ecocontact-satisfaction-ES-768x547.jpg 768w, https:\/\/www.ecocontact.eu\/wp-content\/uploads\/2024\/07\/Ecocontact-satisfaction-ES-260x185.jpg 260w, https:\/\/www.ecocontact.eu\/wp-content\/uploads\/2024\/07\/Ecocontact-satisfaction-ES-705x502.jpg 705w\" sizes=\"(max-width: 1416px) 100vw, 1416px\" \/><\/div><\/div><\/div><\/div>\n<div  class='flex_column av-4y61ed-e1c845b48f8298f626aa164cc9580041 av_three_fifth  avia-builder-el-6  el_after_av_two_fifth  avia-builder-el-last  flex_column_div  column-top-margin'     ><\/div>\n","protected":false},"excerpt":{"rendered":"","protected":false},"author":7,"featured_media":0,"parent":0,"menu_order":0,"comment_status":"closed","ping_status":"closed","template":"","meta":{"footnotes":""},"class_list":["post-3422","page","type-page","status-publish","hentry"],"yoast_head":"<!-- This site is optimized with the Yoast SEO Premium plugin v23.5 (Yoast SEO v27.4) - https:\/\/yoast.com\/product\/yoast-seo-premium-wordpress\/ -->\n<title>Encuesta de Satisfacci\u00f3n - Ecocontact<\/title>\n<meta name=\"robots\" content=\"index, follow, max-snippet:-1, max-image-preview:large, max-video-preview:-1\" \/>\n<link rel=\"canonical\" href=\"https:\/\/www.ecocontact.eu\/es\/encuesta-de-satisfaccion\/\" \/>\n<meta property=\"og:locale\" content=\"es_ES\" \/>\n<meta property=\"og:type\" content=\"article\" \/>\n<meta property=\"og:title\" content=\"Encuesta de Satisfacci\u00f3n\" \/>\n<meta property=\"og:url\" content=\"https:\/\/www.ecocontact.eu\/es\/encuesta-de-satisfaccion\/\" \/>\n<meta property=\"og:site_name\" content=\"Ecocontact\" \/>\n<meta property=\"article:publisher\" content=\"https:\/\/www.facebook.com\/ecocontactsolutions\/\" \/>\n<meta property=\"article:modified_time\" content=\"2024-07-23T08:36:21+00:00\" \/>\n<meta property=\"og:image\" content=\"https:\/\/www.ecocontact.eu\/wp-content\/uploads\/2024\/07\/ecocontact-ban.jpg\" \/>\n\t<meta property=\"og:image:width\" content=\"1200\" \/>\n\t<meta property=\"og:image:height\" content=\"675\" \/>\n\t<meta property=\"og:image:type\" content=\"image\/jpeg\" \/>\n<meta name=\"twitter:card\" content=\"summary_large_image\" \/>\n<meta name=\"twitter:label1\" content=\"Tiempo de lectura\" \/>\n\t<meta name=\"twitter:data1\" content=\"1 minuto\" \/>\n<script type=\"application\/ld+json\" class=\"yoast-schema-graph\">{\"@context\":\"https:\\\/\\\/schema.org\",\"@graph\":[{\"@type\":\"WebPage\",\"@id\":\"https:\\\/\\\/www.ecocontact.eu\\\/es\\\/encuesta-de-satisfaccion\\\/\",\"url\":\"https:\\\/\\\/www.ecocontact.eu\\\/es\\\/encuesta-de-satisfaccion\\\/\",\"name\":\"Encuesta de Satisfacci\u00f3n - Ecocontact\",\"isPartOf\":{\"@id\":\"https:\\\/\\\/www.ecocontact.eu\\\/#website\"},\"datePublished\":\"2024-07-23T08:31:33+00:00\",\"dateModified\":\"2024-07-23T08:36:21+00:00\",\"breadcrumb\":{\"@id\":\"https:\\\/\\\/www.ecocontact.eu\\\/es\\\/encuesta-de-satisfaccion\\\/#breadcrumb\"},\"inLanguage\":\"es\",\"potentialAction\":[{\"@type\":\"ReadAction\",\"target\":[\"https:\\\/\\\/www.ecocontact.eu\\\/es\\\/encuesta-de-satisfaccion\\\/\"]}]},{\"@type\":\"BreadcrumbList\",\"@id\":\"https:\\\/\\\/www.ecocontact.eu\\\/es\\\/encuesta-de-satisfaccion\\\/#breadcrumb\",\"itemListElement\":[{\"@type\":\"ListItem\",\"position\":1,\"name\":\"Accueil\",\"item\":\"https:\\\/\\\/www.ecocontact.eu\\\/es\\\/pagina-de-inicio\\\/\"},{\"@type\":\"ListItem\",\"position\":2,\"name\":\"Encuesta de Satisfacci\u00f3n\"}]},{\"@type\":\"WebSite\",\"@id\":\"https:\\\/\\\/www.ecocontact.eu\\\/#website\",\"url\":\"https:\\\/\\\/www.ecocontact.eu\\\/\",\"name\":\"Ecocontact\",\"description\":\"Solution simple et efficace contre les pertes \u00e9nerg\u00e9tiques dans les contacts \u00e9lectriques\",\"publisher\":{\"@id\":\"https:\\\/\\\/www.ecocontact.eu\\\/#organization\"},\"potentialAction\":[{\"@type\":\"SearchAction\",\"target\":{\"@type\":\"EntryPoint\",\"urlTemplate\":\"https:\\\/\\\/www.ecocontact.eu\\\/?s={search_term_string}\"},\"query-input\":{\"@type\":\"PropertyValueSpecification\",\"valueRequired\":true,\"valueName\":\"search_term_string\"}}],\"inLanguage\":\"es\"},{\"@type\":\"Organization\",\"@id\":\"https:\\\/\\\/www.ecocontact.eu\\\/#organization\",\"name\":\"Ecocontact\",\"url\":\"https:\\\/\\\/www.ecocontact.eu\\\/\",\"logo\":{\"@type\":\"ImageObject\",\"inLanguage\":\"es\",\"@id\":\"https:\\\/\\\/www.ecocontact.eu\\\/#\\\/schema\\\/logo\\\/image\\\/\",\"url\":\"https:\\\/\\\/www.ecocontact.eu\\\/wp-content\\\/uploads\\\/2024\\\/07\\\/EcoContact.jpg\",\"contentUrl\":\"https:\\\/\\\/www.ecocontact.eu\\\/wp-content\\\/uploads\\\/2024\\\/07\\\/EcoContact.jpg\",\"width\":696,\"height\":696,\"caption\":\"Ecocontact\"},\"image\":{\"@id\":\"https:\\\/\\\/www.ecocontact.eu\\\/#\\\/schema\\\/logo\\\/image\\\/\"},\"sameAs\":[\"https:\\\/\\\/www.facebook.com\\\/ecocontactsolutions\\\/\",\"https:\\\/\\\/www.instagram.com\\\/amc.groupe\"],\"description\":\"Ecocontact\u00ae est une solution innovante d\u00e9velopp\u00e9e par AMC, sp\u00e9cialiste dans la conception et la fabrication de composants pour circuits \u00e9lectro-intensifs. Ce produit de pointe assure des connexions \u00e9lectriques fiables et performantes, r\u00e9duisant les pertes \u00e9nerg\u00e9tiques et am\u00e9liorant l'efficacit\u00e9 de vos installations. Fort de plus de 20 ans d'expertise et de 40 brevets actifs, le groupe AMC propose Ecocontact\u00ae pour r\u00e9pondre aux exigences des secteurs de l'\u00e9nergie, de l'industrie et des infrastructures. D\u00e9couvrez comment Ecocontact\u00ae peut optimiser et transformer vos op\u00e9rations avec des solutions sur mesure, sans n\u00e9cessit\u00e9 de maintenance, des d\u00e9lais de livraison rapides et une fabrication 100% fran\u00e7aise.\",\"telephone\":\"+33(0)493902626\",\"legalName\":\"AMC Ecocontact\"}]}<\/script>\n<!-- \/ Yoast SEO Premium plugin. -->","yoast_head_json":{"title":"Encuesta de Satisfacci\u00f3n - Ecocontact","robots":{"index":"index","follow":"follow","max-snippet":"max-snippet:-1","max-image-preview":"max-image-preview:large","max-video-preview":"max-video-preview:-1"},"canonical":"https:\/\/www.ecocontact.eu\/es\/encuesta-de-satisfaccion\/","og_locale":"es_ES","og_type":"article","og_title":"Encuesta de Satisfacci\u00f3n","og_url":"https:\/\/www.ecocontact.eu\/es\/encuesta-de-satisfaccion\/","og_site_name":"Ecocontact","article_publisher":"https:\/\/www.facebook.com\/ecocontactsolutions\/","article_modified_time":"2024-07-23T08:36:21+00:00","og_image":[{"width":1200,"height":675,"url":"https:\/\/www.ecocontact.eu\/wp-content\/uploads\/2024\/07\/ecocontact-ban.jpg","type":"image\/jpeg"}],"twitter_card":"summary_large_image","twitter_misc":{"Tiempo de lectura":"1 minuto"},"schema":{"@context":"https:\/\/schema.org","@graph":[{"@type":"WebPage","@id":"https:\/\/www.ecocontact.eu\/es\/encuesta-de-satisfaccion\/","url":"https:\/\/www.ecocontact.eu\/es\/encuesta-de-satisfaccion\/","name":"Encuesta de Satisfacci\u00f3n - Ecocontact","isPartOf":{"@id":"https:\/\/www.ecocontact.eu\/#website"},"datePublished":"2024-07-23T08:31:33+00:00","dateModified":"2024-07-23T08:36:21+00:00","breadcrumb":{"@id":"https:\/\/www.ecocontact.eu\/es\/encuesta-de-satisfaccion\/#breadcrumb"},"inLanguage":"es","potentialAction":[{"@type":"ReadAction","target":["https:\/\/www.ecocontact.eu\/es\/encuesta-de-satisfaccion\/"]}]},{"@type":"BreadcrumbList","@id":"https:\/\/www.ecocontact.eu\/es\/encuesta-de-satisfaccion\/#breadcrumb","itemListElement":[{"@type":"ListItem","position":1,"name":"Accueil","item":"https:\/\/www.ecocontact.eu\/es\/pagina-de-inicio\/"},{"@type":"ListItem","position":2,"name":"Encuesta de Satisfacci\u00f3n"}]},{"@type":"WebSite","@id":"https:\/\/www.ecocontact.eu\/#website","url":"https:\/\/www.ecocontact.eu\/","name":"Ecocontact","description":"Solution simple et efficace contre les pertes \u00e9nerg\u00e9tiques dans les contacts \u00e9lectriques","publisher":{"@id":"https:\/\/www.ecocontact.eu\/#organization"},"potentialAction":[{"@type":"SearchAction","target":{"@type":"EntryPoint","urlTemplate":"https:\/\/www.ecocontact.eu\/?s={search_term_string}"},"query-input":{"@type":"PropertyValueSpecification","valueRequired":true,"valueName":"search_term_string"}}],"inLanguage":"es"},{"@type":"Organization","@id":"https:\/\/www.ecocontact.eu\/#organization","name":"Ecocontact","url":"https:\/\/www.ecocontact.eu\/","logo":{"@type":"ImageObject","inLanguage":"es","@id":"https:\/\/www.ecocontact.eu\/#\/schema\/logo\/image\/","url":"https:\/\/www.ecocontact.eu\/wp-content\/uploads\/2024\/07\/EcoContact.jpg","contentUrl":"https:\/\/www.ecocontact.eu\/wp-content\/uploads\/2024\/07\/EcoContact.jpg","width":696,"height":696,"caption":"Ecocontact"},"image":{"@id":"https:\/\/www.ecocontact.eu\/#\/schema\/logo\/image\/"},"sameAs":["https:\/\/www.facebook.com\/ecocontactsolutions\/","https:\/\/www.instagram.com\/amc.groupe"],"description":"Ecocontact\u00ae est une solution innovante d\u00e9velopp\u00e9e par AMC, sp\u00e9cialiste dans la conception et la fabrication de composants pour circuits \u00e9lectro-intensifs. Ce produit de pointe assure des connexions \u00e9lectriques fiables et performantes, r\u00e9duisant les pertes \u00e9nerg\u00e9tiques et am\u00e9liorant l'efficacit\u00e9 de vos installations. Fort de plus de 20 ans d'expertise et de 40 brevets actifs, le groupe AMC propose Ecocontact\u00ae pour r\u00e9pondre aux exigences des secteurs de l'\u00e9nergie, de l'industrie et des infrastructures. D\u00e9couvrez comment Ecocontact\u00ae peut optimiser et transformer vos op\u00e9rations avec des solutions sur mesure, sans n\u00e9cessit\u00e9 de maintenance, des d\u00e9lais de livraison rapides et une fabrication 100% fran\u00e7aise.","telephone":"+33(0)493902626","legalName":"AMC Ecocontact"}]}},"jetpack_sharing_enabled":true,"jetpack_shortlink":"https:\/\/wp.me\/Pa9Tsk-Tc","_links":{"self":[{"href":"https:\/\/www.ecocontact.eu\/es\/wp-json\/wp\/v2\/pages\/3422","targetHints":{"allow":["GET"]}}],"collection":[{"href":"https:\/\/www.ecocontact.eu\/es\/wp-json\/wp\/v2\/pages"}],"about":[{"href":"https:\/\/www.ecocontact.eu\/es\/wp-json\/wp\/v2\/types\/page"}],"author":[{"embeddable":true,"href":"https:\/\/www.ecocontact.eu\/es\/wp-json\/wp\/v2\/users\/7"}],"replies":[{"embeddable":true,"href":"https:\/\/www.ecocontact.eu\/es\/wp-json\/wp\/v2\/comments?post=3422"}],"version-history":[{"count":8,"href":"https:\/\/www.ecocontact.eu\/es\/wp-json\/wp\/v2\/pages\/3422\/revisions"}],"predecessor-version":[{"id":3428,"href":"https:\/\/www.ecocontact.eu\/es\/wp-json\/wp\/v2\/pages\/3422\/revisions\/3428"}],"wp:attachment":[{"href":"https:\/\/www.ecocontact.eu\/es\/wp-json\/wp\/v2\/media?parent=3422"}],"curies":[{"name":"wp","href":"https:\/\/api.w.org\/{rel}","templated":true}]}}