{"id":1280,"date":"2018-03-01T16:11:00","date_gmt":"2018-03-01T16:11:00","guid":{"rendered":"https:\/\/www.ecocontact.eu\/applications\/"},"modified":"2024-06-04T12:00:36","modified_gmt":"2024-06-04T12:00:36","slug":"aplicaciones","status":"publish","type":"page","link":"https:\/\/www.ecocontact.eu\/es\/aplicaciones\/","title":{"rendered":"Aplicaciones"},"content":{"rendered":"\n<style type=\"text\/css\" data-created_by=\"avia_inline_auto\" id=\"style-css-av-k20tm-1e7f64b1c4915a973f0a3a3fd76dbcd5\">\n#top .av-special-heading.av-k20tm-1e7f64b1c4915a973f0a3a3fd76dbcd5{\npadding-bottom:10px;\n}\nbody .av-special-heading.av-k20tm-1e7f64b1c4915a973f0a3a3fd76dbcd5 .av-special-heading-tag .heading-char{\nfont-size:25px;\n}\n.av-special-heading.av-k20tm-1e7f64b1c4915a973f0a3a3fd76dbcd5 .av-subheading{\nfont-size:15px;\n}\n<\/style>\n<div  class='av-special-heading av-k20tm-1e7f64b1c4915a973f0a3a3fd76dbcd5 av-special-heading-h1 blockquote modern-quote modern-centered  avia-builder-el-0  el_before_av_masonry_entries  avia-builder-el-no-sibling '><h1 class='av-special-heading-tag'  itemprop=\"headline\"  >NUESTRAS APLICACIONES<\/h1><div class=\"special-heading-border\"><div class=\"special-heading-inner-border\"><\/div><\/div><\/div>\n<div id='av-masonry-1' class='av-masonry av-dk2r6-c0b22fb99c78b87c2d4bb517b93d5637 noHover av-fixed-size av-1px-gap av-hover-overlay-active av-masonry-animation-active av-masonry-col-4 av-caption-always av-caption-style- av-masonry-entries ' data-post_id=\"1280\"><div class='av-masonry-sort main_color av-sort-yes' data-masonry-id='1' ><div class='av-sort-by-term  ' data-av-allowed-sort='[\"distribucion-enedis_sort\",\"industria_sort\",\"produccion-electricidad_sort\",\"quimica_sort\"]' ><a href=\"#\" data-filter=\"all_sort\" class=\"all_sort_button active_sort\"><span class=\"inner_sort_button\"><span>Todo<\/span><small class=\"avia-term-count\"> 8 <\/small><\/span><\/a><span class='text-sep aplicaciones_sort_sep avia_hide_sort'>\/<\/span><a href=\"#\" data-filter=\"aplicaciones_sort\" class=\"aplicaciones_sort_button avia_hide_sort\" ><span class=\"inner_sort_button\"><span>Aplicaciones<\/span><small class='avia-term-count'> 0 <\/small><\/span><\/a><span class='text-sep distribucion-enedis_sort_sep avia_show_sort'>\/<\/span><a href=\"#\" data-filter=\"distribucion-enedis_sort\" class=\"distribucion-enedis_sort_button avia_show_sort\" ><span class=\"inner_sort_button\"><span>Distribuci\u00f3n ENEDIS<\/span><small class='avia-term-count'> 2 <\/small><\/span><\/a><span class='text-sep industria_sort_sep avia_show_sort'>\/<\/span><a href=\"#\" data-filter=\"industria_sort\" class=\"industria_sort_button avia_show_sort\" ><span class=\"inner_sort_button\"><span>Industria<\/span><small class='avia-term-count'> 2 <\/small><\/span><\/a><span class='text-sep produccion-electricidad_sort_sep avia_show_sort'>\/<\/span><a href=\"#\" data-filter=\"produccion-electricidad_sort\" class=\"produccion-electricidad_sort_button avia_show_sort\" ><span class=\"inner_sort_button\"><span>Producci\u00f3n Electricidad<\/span><small class='avia-term-count'> 2 <\/small><\/span><\/a><span class='text-sep quimica_sort_sep avia_show_sort'>\/<\/span><a href=\"#\" data-filter=\"quimica_sort\" class=\"quimica_sort_button avia_show_sort\" ><span class=\"inner_sort_button\"><span>Quimica<\/span><small class='avia-term-count'> 2 <\/small><\/span><\/a><\/div><\/div><div class=\"av-masonry-container isotope av-js-disabled\"><div class='av-masonry-entry isotope-item av-masonry-item-no-image all_sort quimica_sort  produccion-electricidad_sort  distribucion-enedis_sort  industria_sort '><\/div><a href=\"https:\/\/www.ecocontact.eu\/es\/portfolio-item\/kem-one\/\"  id='av-masonry-1-item-1293' data-av-masonry-item='1293' class='av-masonry-entry isotope-item post-1293 portfolio type-portfolio status-publish has-post-thumbnail hentry portfolio_entries-quimica all_sort quimica_sort  av-masonry-item-with-image av-grid-img' title=\"kemone\"   itemscope=\"itemscope\" itemtype=\"https:\/\/schema.org\/CreativeWork\" ><div class='av-inner-masonry-sizer'><\/div><figure class='av-inner-masonry main_color'><div class=\"av-masonry-outerimage-container\"><div class='av-masonry-image-container' style=\"background-image: url(https:\/\/www.ecocontact.eu\/wp-content\/uploads\/2018\/03\/kemone.jpg);\"  title=\"kemone\"   alt=\"Kem One\" ><\/div><\/div><figcaption class='av-inner-masonry-content site-background'><div class='av-inner-masonry-content-pos'><div class='av-inner-masonry-content-pos-content'><div class='avia-arrow'><\/div><h3 class='av-masonry-entry-title entry-title '  itemprop=\"headline\" >Kem One<\/h3><\/div><\/div><\/figcaption><\/figure><\/a><!--end av-masonry entry--><a href=\"https:\/\/www.ecocontact.eu\/es\/portfolio-item\/edf-upm-fabrica-doraison\/\"  id='av-masonry-1-item-1297' data-av-masonry-item='1297' class='av-masonry-entry isotope-item post-1297 portfolio type-portfolio status-publish has-post-thumbnail hentry portfolio_entries-produccion-electricidad all_sort produccion-electricidad_sort  av-masonry-item-with-image av-grid-img' title=\"r_edf_oraison\"   itemscope=\"itemscope\" itemtype=\"https:\/\/schema.org\/CreativeWork\" ><div class='av-inner-masonry-sizer'><\/div><figure class='av-inner-masonry main_color'><div class=\"av-masonry-outerimage-container\"><div class='av-masonry-image-container' style=\"background-image: url(https:\/\/www.ecocontact.eu\/wp-content\/uploads\/2018\/03\/r_edf_oraison.jpg);\"  title=\"r_edf_oraison\"  ><\/div><\/div><figcaption class='av-inner-masonry-content site-background'><div class='av-inner-masonry-content-pos'><div class='av-inner-masonry-content-pos-content'><div class='avia-arrow'><\/div><h3 class='av-masonry-entry-title entry-title '  itemprop=\"headline\" >EDF\/UPM Fa\u0301brica de Oraison<\/h3><\/div><\/div><\/figcaption><\/figure><\/a><!--end av-masonry entry--><a href=\"https:\/\/www.ecocontact.eu\/es\/portfolio-item\/aeropuerto-nice-cote-dazur\/\"  id='av-masonry-1-item-1301' data-av-masonry-item='1301' class='av-masonry-entry isotope-item post-1301 portfolio type-portfolio status-publish has-post-thumbnail hentry portfolio_entries-distribucion-enedis all_sort distribucion-enedis_sort  av-masonry-item-with-image av-grid-img' title=\"r_aeroport\"   itemscope=\"itemscope\" itemtype=\"https:\/\/schema.org\/CreativeWork\" ><div class='av-inner-masonry-sizer'><\/div><figure class='av-inner-masonry main_color'><div class=\"av-masonry-outerimage-container\"><div class='av-masonry-image-container' style=\"background-image: url(https:\/\/www.ecocontact.eu\/wp-content\/uploads\/2018\/03\/r_aeroport.jpg);\"  title=\"r_aeroport\"  ><\/div><\/div><figcaption class='av-inner-masonry-content site-background'><div class='av-inner-masonry-content-pos'><div class='av-inner-masonry-content-pos-content'><div class='avia-arrow'><\/div><h3 class='av-masonry-entry-title entry-title '  itemprop=\"headline\" >Aeropuerto Nice-C\u00f4te-D\u2019Azur<\/h3><\/div><\/div><\/figcaption><\/figure><\/a><!--end av-masonry entry--><a href=\"https:\/\/www.ecocontact.eu\/es\/portfolio-item\/solvay\/\"  id='av-masonry-1-item-1303' data-av-masonry-item='1303' class='av-masonry-entry isotope-item post-1303 portfolio type-portfolio status-publish has-post-thumbnail hentry portfolio_entries-quimica all_sort quimica_sort  av-masonry-item-with-image av-grid-img' title=\"usine-solvay-a-tavaux\"   itemscope=\"itemscope\" itemtype=\"https:\/\/schema.org\/CreativeWork\" ><div class='av-inner-masonry-sizer'><\/div><figure class='av-inner-masonry main_color'><div class=\"av-masonry-outerimage-container\"><div class='av-masonry-image-container' style=\"background-image: url(https:\/\/www.ecocontact.eu\/wp-content\/uploads\/2018\/04\/usine-solvay-a-tavaux-705x471.jpg);\"  title=\"usine-solvay-a-tavaux\"  ><\/div><\/div><figcaption class='av-inner-masonry-content site-background'><div class='av-inner-masonry-content-pos'><div class='av-inner-masonry-content-pos-content'><div class='avia-arrow'><\/div><h3 class='av-masonry-entry-title entry-title '  itemprop=\"headline\" >Solvay<\/h3><\/div><\/div><\/figcaption><\/figure><\/a><!--end av-masonry entry--><a href=\"https:\/\/www.ecocontact.eu\/es\/portfolio-item\/fabrica-edf-upm-siagne\/\"  id='av-masonry-1-item-1307' data-av-masonry-item='1307' class='av-masonry-entry isotope-item post-1307 portfolio type-portfolio status-publish has-post-thumbnail hentry portfolio_entries-produccion-electricidad all_sort produccion-electricidad_sort  av-masonry-item-with-image av-grid-img' title=\"r_edf_siagne\"   itemscope=\"itemscope\" itemtype=\"https:\/\/schema.org\/CreativeWork\" ><div class='av-inner-masonry-sizer'><\/div><figure class='av-inner-masonry main_color'><div class=\"av-masonry-outerimage-container\"><div class='av-masonry-image-container' style=\"background-image: url(https:\/\/www.ecocontact.eu\/wp-content\/uploads\/2018\/04\/r_edf_siagne-705x344.jpg);\"  title=\"r_edf_siagne\"  ><\/div><\/div><figcaption class='av-inner-masonry-content site-background'><div class='av-inner-masonry-content-pos'><div class='av-inner-masonry-content-pos-content'><div class='avia-arrow'><\/div><h3 class='av-masonry-entry-title entry-title '  itemprop=\"headline\" >F\u00e1brica EDF \/ UPM Siagne<\/h3><\/div><\/div><\/figcaption><\/figure><\/a><!--end av-masonry entry--><a href=\"https:\/\/www.ecocontact.eu\/es\/portfolio-item\/puesto-source-de-risso-enedis\/\"  id='av-masonry-1-item-1313' data-av-masonry-item='1313' class='av-masonry-entry isotope-item post-1313 portfolio type-portfolio status-publish has-post-thumbnail hentry portfolio_entries-distribucion-enedis all_sort distribucion-enedis_sort  av-masonry-item-with-image av-grid-img' title=\"r_risso\"   itemscope=\"itemscope\" itemtype=\"https:\/\/schema.org\/CreativeWork\" ><div class='av-inner-masonry-sizer'><\/div><figure class='av-inner-masonry main_color'><div class=\"av-masonry-outerimage-container\"><div class='av-masonry-image-container' style=\"background-image: url(https:\/\/www.ecocontact.eu\/wp-content\/uploads\/2018\/04\/r_risso-474x705.jpg);\"  title=\"r_risso\"  ><\/div><\/div><figcaption class='av-inner-masonry-content site-background'><div class='av-inner-masonry-content-pos'><div class='av-inner-masonry-content-pos-content'><div class='avia-arrow'><\/div><h3 class='av-masonry-entry-title entry-title '  itemprop=\"headline\" >Puesto source de Risso, ENEDIS<\/h3><\/div><\/div><\/figcaption><\/figure><\/a><!--end av-masonry entry--><a href=\"https:\/\/www.ecocontact.eu\/es\/portfolio-item\/areva-np\/\"  id='av-masonry-1-item-1317' data-av-masonry-item='1317' class='av-masonry-entry isotope-item post-1317 portfolio type-portfolio status-publish has-post-thumbnail hentry portfolio_entries-industria all_sort industria_sort  av-masonry-item-with-image av-grid-img' title=\"8830-cezus-ot-ugine-fiche\"   itemscope=\"itemscope\" itemtype=\"https:\/\/schema.org\/CreativeWork\" ><div class='av-inner-masonry-sizer'><\/div><figure class='av-inner-masonry main_color'><div class=\"av-masonry-outerimage-container\"><div class='av-masonry-image-container' style=\"background-image: url(https:\/\/www.ecocontact.eu\/wp-content\/uploads\/2018\/04\/8830-cezus-ot-ugine-fiche-705x471.jpg);\"  title=\"8830-cezus-ot-ugine-fiche\"  ><\/div><\/div><figcaption class='av-inner-masonry-content site-background'><div class='av-inner-masonry-content-pos'><div class='av-inner-masonry-content-pos-content'><div class='avia-arrow'><\/div><h3 class='av-masonry-entry-title entry-title '  itemprop=\"headline\" >Areva NP<\/h3><\/div><\/div><\/figcaption><\/figure><\/a><!--end av-masonry entry--><a href=\"https:\/\/www.ecocontact.eu\/es\/portfolio-item\/ferropem-laudun\/\"  id='av-masonry-1-item-1321' data-av-masonry-item='1321' class='av-masonry-entry isotope-item post-1321 portfolio type-portfolio status-publish has-post-thumbnail hentry portfolio_entries-industria all_sort industria_sort  av-masonry-item-with-image av-grid-img' title=\"ferropem_industrie\"   itemscope=\"itemscope\" itemtype=\"https:\/\/schema.org\/CreativeWork\" ><div class='av-inner-masonry-sizer'><\/div><figure class='av-inner-masonry main_color'><div class=\"av-masonry-outerimage-container\"><div class='av-masonry-image-container' style=\"background-image: url(https:\/\/www.ecocontact.eu\/wp-content\/uploads\/2018\/03\/ferropem_industrie.jpg);\"  title=\"ferropem_industrie\"  ><\/div><\/div><figcaption class='av-inner-masonry-content site-background'><div class='av-inner-masonry-content-pos'><div class='av-inner-masonry-content-pos-content'><div class='avia-arrow'><\/div><h3 class='av-masonry-entry-title entry-title '  itemprop=\"headline\" >Ferropem Laudun<\/h3><\/div><\/div><\/figcaption><\/figure><\/a><!--end av-masonry entry--><\/div><\/div>\n<div  class='hr av-81dz6-4a4a072965ae90db4857a781d0b9ee01 hr-default  avia-builder-el-2  el_after_av_masonry_entries  avia-builder-el-no-sibling '><span class='hr-inner '><span class=\"hr-inner-style\"><\/span><\/span><\/div>\n","protected":false},"excerpt":{"rendered":"","protected":false},"author":1,"featured_media":0,"parent":0,"menu_order":0,"comment_status":"closed","ping_status":"closed","template":"","meta":{"footnotes":""},"class_list":["post-1280","page","type-page","status-publish","hentry"],"yoast_head":"<!-- This site is optimized with the Yoast SEO Premium plugin v23.5 (Yoast SEO v27.4) - https:\/\/yoast.com\/product\/yoast-seo-premium-wordpress\/ -->\n<title>Las empresas que han integrado nuestra soluci\u00f3n<\/title>\n<meta name=\"description\" content=\"Aeropuertos, industrias, centrales nucleares... Muchos han integrado nuestras soluciones para reducir sus p\u00e9rdidas energ\u00e9ticas.\" \/>\n<meta name=\"robots\" content=\"index, follow, max-snippet:-1, max-image-preview:large, max-video-preview:-1\" \/>\n<link rel=\"canonical\" href=\"https:\/\/www.ecocontact.eu\/applications\/\" \/>\n<meta property=\"og:locale\" content=\"es_ES\" \/>\n<meta property=\"og:type\" content=\"article\" \/>\n<meta property=\"og:title\" content=\"Aplicaciones\" \/>\n<meta property=\"og:description\" content=\"Aeropuertos, industrias, centrales nucleares... Muchos han integrado nuestras soluciones para reducir sus p\u00e9rdidas energ\u00e9ticas.\" \/>\n<meta property=\"og:url\" content=\"https:\/\/www.ecocontact.eu\/applications\/\" \/>\n<meta property=\"og:site_name\" content=\"Ecocontact\" \/>\n<meta property=\"article:publisher\" content=\"https:\/\/www.facebook.com\/ecocontactsolutions\/\" \/>\n<meta property=\"article:modified_time\" content=\"2024-06-04T12:00:36+00:00\" \/>\n<meta property=\"og:image\" content=\"https:\/\/www.ecocontact.eu\/wp-content\/uploads\/2024\/07\/ecocontact-ban.jpg\" \/>\n\t<meta property=\"og:image:width\" content=\"1200\" \/>\n\t<meta property=\"og:image:height\" content=\"675\" \/>\n\t<meta property=\"og:image:type\" content=\"image\/jpeg\" \/>\n<meta name=\"twitter:card\" content=\"summary_large_image\" \/>\n<meta name=\"twitter:label1\" content=\"Tiempo de lectura\" \/>\n\t<meta name=\"twitter:data1\" content=\"1 minuto\" \/>\n<script type=\"application\/ld+json\" class=\"yoast-schema-graph\">{\"@context\":\"https:\\\/\\\/schema.org\",\"@graph\":[{\"@type\":\"WebPage\",\"@id\":\"https:\\\/\\\/www.ecocontact.eu\\\/applications\\\/\",\"url\":\"https:\\\/\\\/www.ecocontact.eu\\\/applications\\\/\",\"name\":\"Las empresas que han integrado nuestra soluci\u00f3n\",\"isPartOf\":{\"@id\":\"https:\\\/\\\/www.ecocontact.eu\\\/#website\"},\"datePublished\":\"2018-03-01T16:11:00+00:00\",\"dateModified\":\"2024-06-04T12:00:36+00:00\",\"description\":\"Aeropuertos, industrias, centrales nucleares... Muchos han integrado nuestras soluciones para reducir sus p\u00e9rdidas energ\u00e9ticas.\",\"breadcrumb\":{\"@id\":\"https:\\\/\\\/www.ecocontact.eu\\\/applications\\\/#breadcrumb\"},\"inLanguage\":\"es\",\"potentialAction\":[{\"@type\":\"ReadAction\",\"target\":[\"https:\\\/\\\/www.ecocontact.eu\\\/applications\\\/\"]}]},{\"@type\":\"BreadcrumbList\",\"@id\":\"https:\\\/\\\/www.ecocontact.eu\\\/applications\\\/#breadcrumb\",\"itemListElement\":[{\"@type\":\"ListItem\",\"position\":1,\"name\":\"Accueil\",\"item\":\"https:\\\/\\\/www.ecocontact.eu\\\/es\\\/pagina-de-inicio\\\/\"},{\"@type\":\"ListItem\",\"position\":2,\"name\":\"Aplicaciones\"}]},{\"@type\":\"WebSite\",\"@id\":\"https:\\\/\\\/www.ecocontact.eu\\\/#website\",\"url\":\"https:\\\/\\\/www.ecocontact.eu\\\/\",\"name\":\"Ecocontact\",\"description\":\"Solution simple et efficace contre les pertes \u00e9nerg\u00e9tiques dans les contacts \u00e9lectriques\",\"publisher\":{\"@id\":\"https:\\\/\\\/www.ecocontact.eu\\\/#organization\"},\"potentialAction\":[{\"@type\":\"SearchAction\",\"target\":{\"@type\":\"EntryPoint\",\"urlTemplate\":\"https:\\\/\\\/www.ecocontact.eu\\\/?s={search_term_string}\"},\"query-input\":{\"@type\":\"PropertyValueSpecification\",\"valueRequired\":true,\"valueName\":\"search_term_string\"}}],\"inLanguage\":\"es\"},{\"@type\":\"Organization\",\"@id\":\"https:\\\/\\\/www.ecocontact.eu\\\/#organization\",\"name\":\"Ecocontact\",\"url\":\"https:\\\/\\\/www.ecocontact.eu\\\/\",\"logo\":{\"@type\":\"ImageObject\",\"inLanguage\":\"es\",\"@id\":\"https:\\\/\\\/www.ecocontact.eu\\\/#\\\/schema\\\/logo\\\/image\\\/\",\"url\":\"https:\\\/\\\/www.ecocontact.eu\\\/wp-content\\\/uploads\\\/2024\\\/07\\\/EcoContact.jpg\",\"contentUrl\":\"https:\\\/\\\/www.ecocontact.eu\\\/wp-content\\\/uploads\\\/2024\\\/07\\\/EcoContact.jpg\",\"width\":696,\"height\":696,\"caption\":\"Ecocontact\"},\"image\":{\"@id\":\"https:\\\/\\\/www.ecocontact.eu\\\/#\\\/schema\\\/logo\\\/image\\\/\"},\"sameAs\":[\"https:\\\/\\\/www.facebook.com\\\/ecocontactsolutions\\\/\",\"https:\\\/\\\/www.instagram.com\\\/amc.groupe\"],\"description\":\"Ecocontact\u00ae est une solution innovante d\u00e9velopp\u00e9e par AMC, sp\u00e9cialiste dans la conception et la fabrication de composants pour circuits \u00e9lectro-intensifs. Ce produit de pointe assure des connexions \u00e9lectriques fiables et performantes, r\u00e9duisant les pertes \u00e9nerg\u00e9tiques et am\u00e9liorant l'efficacit\u00e9 de vos installations. Fort de plus de 20 ans d'expertise et de 40 brevets actifs, le groupe AMC propose Ecocontact\u00ae pour r\u00e9pondre aux exigences des secteurs de l'\u00e9nergie, de l'industrie et des infrastructures. D\u00e9couvrez comment Ecocontact\u00ae peut optimiser et transformer vos op\u00e9rations avec des solutions sur mesure, sans n\u00e9cessit\u00e9 de maintenance, des d\u00e9lais de livraison rapides et une fabrication 100% fran\u00e7aise.\",\"telephone\":\"+33(0)493902626\",\"legalName\":\"AMC Ecocontact\"}]}<\/script>\n<!-- \/ Yoast SEO Premium plugin. -->","yoast_head_json":{"title":"Las empresas que han integrado nuestra soluci\u00f3n","description":"Aeropuertos, industrias, centrales nucleares... Muchos han integrado nuestras soluciones para reducir sus p\u00e9rdidas energ\u00e9ticas.","robots":{"index":"index","follow":"follow","max-snippet":"max-snippet:-1","max-image-preview":"max-image-preview:large","max-video-preview":"max-video-preview:-1"},"canonical":"https:\/\/www.ecocontact.eu\/applications\/","og_locale":"es_ES","og_type":"article","og_title":"Aplicaciones","og_description":"Aeropuertos, industrias, centrales nucleares... Muchos han integrado nuestras soluciones para reducir sus p\u00e9rdidas energ\u00e9ticas.","og_url":"https:\/\/www.ecocontact.eu\/applications\/","og_site_name":"Ecocontact","article_publisher":"https:\/\/www.facebook.com\/ecocontactsolutions\/","article_modified_time":"2024-06-04T12:00:36+00:00","og_image":[{"width":1200,"height":675,"url":"https:\/\/www.ecocontact.eu\/wp-content\/uploads\/2024\/07\/ecocontact-ban.jpg","type":"image\/jpeg"}],"twitter_card":"summary_large_image","twitter_misc":{"Tiempo de lectura":"1 minuto"},"schema":{"@context":"https:\/\/schema.org","@graph":[{"@type":"WebPage","@id":"https:\/\/www.ecocontact.eu\/applications\/","url":"https:\/\/www.ecocontact.eu\/applications\/","name":"Las empresas que han integrado nuestra soluci\u00f3n","isPartOf":{"@id":"https:\/\/www.ecocontact.eu\/#website"},"datePublished":"2018-03-01T16:11:00+00:00","dateModified":"2024-06-04T12:00:36+00:00","description":"Aeropuertos, industrias, centrales nucleares... Muchos han integrado nuestras soluciones para reducir sus p\u00e9rdidas energ\u00e9ticas.","breadcrumb":{"@id":"https:\/\/www.ecocontact.eu\/applications\/#breadcrumb"},"inLanguage":"es","potentialAction":[{"@type":"ReadAction","target":["https:\/\/www.ecocontact.eu\/applications\/"]}]},{"@type":"BreadcrumbList","@id":"https:\/\/www.ecocontact.eu\/applications\/#breadcrumb","itemListElement":[{"@type":"ListItem","position":1,"name":"Accueil","item":"https:\/\/www.ecocontact.eu\/es\/pagina-de-inicio\/"},{"@type":"ListItem","position":2,"name":"Aplicaciones"}]},{"@type":"WebSite","@id":"https:\/\/www.ecocontact.eu\/#website","url":"https:\/\/www.ecocontact.eu\/","name":"Ecocontact","description":"Solution simple et efficace contre les pertes \u00e9nerg\u00e9tiques dans les contacts \u00e9lectriques","publisher":{"@id":"https:\/\/www.ecocontact.eu\/#organization"},"potentialAction":[{"@type":"SearchAction","target":{"@type":"EntryPoint","urlTemplate":"https:\/\/www.ecocontact.eu\/?s={search_term_string}"},"query-input":{"@type":"PropertyValueSpecification","valueRequired":true,"valueName":"search_term_string"}}],"inLanguage":"es"},{"@type":"Organization","@id":"https:\/\/www.ecocontact.eu\/#organization","name":"Ecocontact","url":"https:\/\/www.ecocontact.eu\/","logo":{"@type":"ImageObject","inLanguage":"es","@id":"https:\/\/www.ecocontact.eu\/#\/schema\/logo\/image\/","url":"https:\/\/www.ecocontact.eu\/wp-content\/uploads\/2024\/07\/EcoContact.jpg","contentUrl":"https:\/\/www.ecocontact.eu\/wp-content\/uploads\/2024\/07\/EcoContact.jpg","width":696,"height":696,"caption":"Ecocontact"},"image":{"@id":"https:\/\/www.ecocontact.eu\/#\/schema\/logo\/image\/"},"sameAs":["https:\/\/www.facebook.com\/ecocontactsolutions\/","https:\/\/www.instagram.com\/amc.groupe"],"description":"Ecocontact\u00ae est une solution innovante d\u00e9velopp\u00e9e par AMC, sp\u00e9cialiste dans la conception et la fabrication de composants pour circuits \u00e9lectro-intensifs. Ce produit de pointe assure des connexions \u00e9lectriques fiables et performantes, r\u00e9duisant les pertes \u00e9nerg\u00e9tiques et am\u00e9liorant l'efficacit\u00e9 de vos installations. Fort de plus de 20 ans d'expertise et de 40 brevets actifs, le groupe AMC propose Ecocontact\u00ae pour r\u00e9pondre aux exigences des secteurs de l'\u00e9nergie, de l'industrie et des infrastructures. D\u00e9couvrez comment Ecocontact\u00ae peut optimiser et transformer vos op\u00e9rations avec des solutions sur mesure, sans n\u00e9cessit\u00e9 de maintenance, des d\u00e9lais de livraison rapides et une fabrication 100% fran\u00e7aise.","telephone":"+33(0)493902626","legalName":"AMC Ecocontact"}]}},"jetpack_sharing_enabled":true,"jetpack_shortlink":"https:\/\/wp.me\/Pa9Tsk-kE","_links":{"self":[{"href":"https:\/\/www.ecocontact.eu\/es\/wp-json\/wp\/v2\/pages\/1280","targetHints":{"allow":["GET"]}}],"collection":[{"href":"https:\/\/www.ecocontact.eu\/es\/wp-json\/wp\/v2\/pages"}],"about":[{"href":"https:\/\/www.ecocontact.eu\/es\/wp-json\/wp\/v2\/types\/page"}],"author":[{"embeddable":true,"href":"https:\/\/www.ecocontact.eu\/es\/wp-json\/wp\/v2\/users\/1"}],"replies":[{"embeddable":true,"href":"https:\/\/www.ecocontact.eu\/es\/wp-json\/wp\/v2\/comments?post=1280"}],"version-history":[{"count":7,"href":"https:\/\/www.ecocontact.eu\/es\/wp-json\/wp\/v2\/pages\/1280\/revisions"}],"predecessor-version":[{"id":2740,"href":"https:\/\/www.ecocontact.eu\/es\/wp-json\/wp\/v2\/pages\/1280\/revisions\/2740"}],"wp:attachment":[{"href":"https:\/\/www.ecocontact.eu\/es\/wp-json\/wp\/v2\/media?parent=1280"}],"curies":[{"name":"wp","href":"https:\/\/api.w.org\/{rel}","templated":true}]}}