{"id":1279,"date":"2018-03-01T16:11:13","date_gmt":"2018-03-01T16:11:13","guid":{"rendered":"https:\/\/www.ecocontact.eu\/f-a-q\/"},"modified":"2024-07-08T11:36:12","modified_gmt":"2024-07-08T11:36:12","slug":"preguntas-mas-frecuentes","status":"publish","type":"page","link":"https:\/\/www.ecocontact.eu\/es\/preguntas-mas-frecuentes\/","title":{"rendered":"Preguntas m\u00e1s frecuentes"},"content":{"rendered":"\n<style type=\"text\/css\" data-created_by=\"avia_inline_auto\" id=\"style-css-av-2yivbo-12ae0faf9e10d4d122ff5fe94009eae0\">\n#top .av-special-heading.av-2yivbo-12ae0faf9e10d4d122ff5fe94009eae0{\npadding-bottom:10px;\n}\nbody .av-special-heading.av-2yivbo-12ae0faf9e10d4d122ff5fe94009eae0 .av-special-heading-tag .heading-char{\nfont-size:25px;\n}\n.av-special-heading.av-2yivbo-12ae0faf9e10d4d122ff5fe94009eae0 .av-subheading{\nfont-size:15px;\n}\n<\/style>\n<div  class='av-special-heading av-2yivbo-12ae0faf9e10d4d122ff5fe94009eae0 av-special-heading-h2  avia-builder-el-0  el_before_av_toggle_container  avia-builder-el-first '><h2 class='av-special-heading-tag'  itemprop=\"headline\"  >Preguntas m\u00e1s frecuentes<\/h2><div class=\"special-heading-border\"><div class=\"special-heading-inner-border\"><\/div><\/div><\/div>\n<div  class='togglecontainer av-2ryb4c-f8ebb418c63a6fa558717ade8ccacbe4  avia-builder-el-1  el_after_av_heading  avia-builder-el-last  toggle_close_all' >\n<section class='av_toggle_section av-2mflkk-45043a58dcefbc572ab04d351e801773'  itemscope=\"itemscope\" itemtype=\"https:\/\/schema.org\/CreativeWork\" ><div role=\"tablist\" class=\"single_toggle\" data-tags=\"{Todo} \"  ><p data-fake-id='#toggle-id-1' class='toggler  activeTitle '  itemprop=\"headline\"  role='tab' tabindex='0' aria-controls='toggle-id-1'>\u00bf Para qu\u00e9 sirve el producto ECOCONTACT\u00ae ?<span class=\"toggle_icon\"><span class=\"vert_icon\"><\/span><span class=\"hor_icon\"><\/span><\/span><\/p><div id='toggle-id-1' class='toggle_wrap  active_tc' style='display:block;' ><div class='toggle_content invers-color '  itemprop=\"text\" ><p>El producto ECOCONTACT\u00ae es una espuma multi meta\u0301lica que ha sido adaptada para todo tipo de materiales y superficies de contacto ele\u0301ctrico industrial. ECOCONTACT\u00ae es fa\u0301cil de instalar y permite :<\/p>\n<div class=\"custom_list check-icon\">\n<ul>\n<li>Fiabilidad de los contactos para la eliminacio\u0301n de los puntos c\u00e1lidos.<\/li>\n<li>Optimizar las instalaciones ele\u0301ctricas mejorando la duracio\u0301n de vida de las conexiones.<\/li>\n<li>Reducir los costos energe\u0301ticos y los riesgos de incendio.<\/li>\n<li>Eliminar los costos de la mantencio\u0301n.<\/li>\n<\/ul>\n<\/div>\n<\/div><\/div><\/div><\/section>\n<section class='av_toggle_section av-2h6x4s-c80e400ced66db815c964a8b3547a4e4'  itemscope=\"itemscope\" itemtype=\"https:\/\/schema.org\/CreativeWork\" ><div role=\"tablist\" class=\"single_toggle\" data-tags=\"{Todo} \"  ><p data-fake-id='#toggle-id-2' class='toggler   '  itemprop=\"headline\"  role='tab' tabindex='0' aria-controls='toggle-id-2'>\u00bf Cuales son los materiales compatibles con ECOCONTACT\u00ae ?<span class=\"toggle_icon\"><span class=\"vert_icon\"><\/span><span class=\"hor_icon\"><\/span><\/span><\/p><div id='toggle-id-2' class='toggle_wrap  '  ><div class='toggle_content invers-color '  itemprop=\"text\" ><p>ECOCONTACT\u00ae es una espuma multi-meta\u0301lica que se adapta a todo tipo de materiales y superficies de contacto ele\u0301ctrico industrial : cobre, aluminio desnudos o revestidos.<\/p>\n<\/div><\/div><\/div><\/section>\n<section class='av_toggle_section av-8bmt0-2ddcf66e4cb931d1bae20957514b0ca0'  itemscope=\"itemscope\" itemtype=\"https:\/\/schema.org\/CreativeWork\" ><div role=\"tablist\" class=\"single_toggle\" data-tags=\"{Todo} \"  ><p data-fake-id='#toggle-id-3' class='toggler   '  itemprop=\"headline\"  role='tab' tabindex='0' aria-controls='toggle-id-3'>\u00bf Es necesario limpiar las superficies antes de la aplicacio\u0301n de ECOCONTACT\u00ae?<span class=\"toggle_icon\"><span class=\"vert_icon\"><\/span><span class=\"hor_icon\"><\/span><\/span><\/p><div id='toggle-id-3' class='toggle_wrap  '  ><div class='toggle_content invers-color '  itemprop=\"text\" ><p>No es necesario limpiar las superficies de contacto antes de la puesta de espuma ECOCONTACT\u00ae. Basta simplemente con abrir la conexio\u0301n , retirar el excedente de grasa y de polvo con un esponja scotch-brite y poner en su lugar, la espuma ECOCONTACT\u00ae.<\/p>\n<\/div><\/div><\/div><\/section>\n<section class='av_toggle_section av-2359fg-249e391ac09256b65df3643e1fbb0c44'  itemscope=\"itemscope\" itemtype=\"https:\/\/schema.org\/CreativeWork\" ><div role=\"tablist\" class=\"single_toggle\" data-tags=\"{Todo} \"  ><p data-fake-id='#toggle-id-4' class='toggler   '  itemprop=\"headline\"  role='tab' tabindex='0' aria-controls='toggle-id-4'>\u00bf Cual es el efecto de ECOCONTACT\u00ae cuando la conexio\u0301n esta\u0301 en contacto con el agua ?<span class=\"toggle_icon\"><span class=\"vert_icon\"><\/span><span class=\"hor_icon\"><\/span><\/span><\/p><div id='toggle-id-4' class='toggle_wrap  '  ><div class='toggle_content invers-color '  itemprop=\"text\" ><p>Los materiales que entran en la composicio\u0301n de ECOCONTACT\u00ae no son sensibles al agua. El rendimiento de ECOCONTACT\u00ae no se vera\u0301 afectado. Por otro lado, la aplicacio\u0301n de ECOCONTACT\u00ae da un efecto de hermeticidad sobre la conexio\u0301n tratada.<\/p>\n<\/div><\/div><\/div><\/section>\n<section class='av_toggle_section av-1wi004-9ad5e5fbcf0004900d4bc7f61b845135'  itemscope=\"itemscope\" itemtype=\"https:\/\/schema.org\/CreativeWork\" ><div role=\"tablist\" class=\"single_toggle\" data-tags=\"{Todo} \"  ><p data-fake-id='#toggle-id-5' class='toggler   '  itemprop=\"headline\"  role='tab' tabindex='0' aria-controls='toggle-id-5'>\u00bf Hay un li\u0301mite de intensidad en la utilizacio\u0301n de ECOCONTACT\u00ae?<span class=\"toggle_icon\"><span class=\"vert_icon\"><\/span><span class=\"hor_icon\"><\/span><\/span><\/p><div id='toggle-id-5' class='toggle_wrap  '  ><div class='toggle_content invers-color '  itemprop=\"text\" ><p>ECOCONTACT\u00ae puede ser utilizado en las conexiones llegando hasta 100 A\/mm2<\/p>\n<\/div><\/div><\/div><\/section>\n<section class='av_toggle_section av-1ocsg4-8ceec20bf87614d1f7dbd8af1adfbcc7'  itemscope=\"itemscope\" itemtype=\"https:\/\/schema.org\/CreativeWork\" ><div role=\"tablist\" class=\"single_toggle\" data-tags=\"{Todo} \"  ><p data-fake-id='#toggle-id-6' class='toggler   '  itemprop=\"headline\"  role='tab' tabindex='0' aria-controls='toggle-id-6'>\u00bf Cual es la duraci\u00f3n de vida en el tiempo y fuera ?<span class=\"toggle_icon\"><span class=\"vert_icon\"><\/span><span class=\"hor_icon\"><\/span><\/span><\/p><div id='toggle-id-6' class='toggle_wrap  '  ><div class='toggle_content invers-color '  itemprop=\"text\" ><p>La duracio\u0301n de vida y de cumplimiento del producto es estimada a ma\u0301s de 20 an\u0303os segu\u0301n las pruebas en laboratorio (niebla salina y calor hu\u0301medo segu\u0301n las normas : IEC600 68\u20132\u201330 : 2005 et IEC 600 68\u20132\u201311 : 1999).<\/p>\n<\/div><\/div><\/div><\/section>\n<section class='av_toggle_section av-1ijmcs-c60eedda7dd1751f7a05eb42ecaf1fc3'  itemscope=\"itemscope\" itemtype=\"https:\/\/schema.org\/CreativeWork\" ><div role=\"tablist\" class=\"single_toggle\" data-tags=\"{Todo} \"  ><p data-fake-id='#toggle-id-7' class='toggler   '  itemprop=\"headline\"  role='tab' tabindex='0' aria-controls='toggle-id-7'>\u00bf Se puede instalar ECOCONTACT\u00ae en exterior ?<span class=\"toggle_icon\"><span class=\"vert_icon\"><\/span><span class=\"hor_icon\"><\/span><\/span><\/p><div id='toggle-id-7' class='toggle_wrap  '  ><div class='toggle_content invers-color '  itemprop=\"text\" ><p>Si, las pruebas en laboratorios estiman que el producto ECOCONTACT\u00ae puede resistir ma\u0301s de 20 an\u0303os en exterior.<\/p>\n<\/div><\/div><\/div><\/section>\n<section class='av_toggle_section av-1fpvjo-3a568b3049a3e62c480502b8af937dc2'  itemscope=\"itemscope\" itemtype=\"https:\/\/schema.org\/CreativeWork\" ><div role=\"tablist\" class=\"single_toggle\" data-tags=\"{Todo} \"  ><p data-fake-id='#toggle-id-8' class='toggler   '  itemprop=\"headline\"  role='tab' tabindex='0' aria-controls='toggle-id-8'>\u00bf Con qu\u00e9 cortar ECOCONTACT\u00ae ?<span class=\"toggle_icon\"><span class=\"vert_icon\"><\/span><span class=\"hor_icon\"><\/span><\/span><\/p><div id='toggle-id-8' class='toggle_wrap  '  ><div class='toggle_content invers-color '  itemprop=\"text\" ><p>Es fa\u0301cil cortar ECOCONTACT con tijeras, un cutter o un cortador.<\/p>\n<\/div><\/div><\/div><\/section>\n<section class='av_toggle_section av-1b3cy4-0fa9a569afdeca4070a35d9fd53e8653'  itemscope=\"itemscope\" itemtype=\"https:\/\/schema.org\/CreativeWork\" ><div role=\"tablist\" class=\"single_toggle\" data-tags=\"{Todo} \"  ><p data-fake-id='#toggle-id-9' class='toggler   '  itemprop=\"headline\"  role='tab' tabindex='0' aria-controls='toggle-id-9'>\u00bf ECOCONTACT\u00ae ha sido probado en laboratorio ?<span class=\"toggle_icon\"><span class=\"vert_icon\"><\/span><span class=\"hor_icon\"><\/span><\/span><\/p><div id='toggle-id-9' class='toggle_wrap  '  ><div class='toggle_content invers-color '  itemprop=\"text\" ><p>La dur\u00e9e de vie et de tenue du produit est estim\u00e9e \u00e0 plus de 20 ans selon les tests en laboratoire (brouillard salin et chaleur humide selon les normes : IEC 600 68\u20132\u201330 : 2005 et IEC 600 68\u20132\u201311 : 1999).<\/p>\n<\/div><\/div><\/div><\/section>\n<section class='av_toggle_section av-12q06k-03e4be2dcec3cd7e4a6a793c730379a5'  itemscope=\"itemscope\" itemtype=\"https:\/\/schema.org\/CreativeWork\" ><div role=\"tablist\" class=\"single_toggle\" data-tags=\"{Todo} \"  ><p data-fake-id='#toggle-id-10' class='toggler   '  itemprop=\"headline\"  role='tab' tabindex='0' aria-controls='toggle-id-10'>\u00bf Es posible instalar ECOCONTACT\u00ae uno mismo ?<span class=\"toggle_icon\"><span class=\"vert_icon\"><\/span><span class=\"hor_icon\"><\/span><\/span><\/p><div id='toggle-id-10' class='toggle_wrap  '  ><div class='toggle_content invers-color '  itemprop=\"text\" ><p>Es posible adaptar ECOCONTACT\u00ae a la forma de su conexio\u0301n ele\u0301ctrica ya sea cili\u0301ndrica , convexa, co\u0301ncava, etc\u2026<\/p>\n<\/div><\/div><\/div><\/section>\n<section class='av_toggle_section av-z47cc-6e924f2d9d823395cd677d948a2e424a'  itemscope=\"itemscope\" itemtype=\"https:\/\/schema.org\/CreativeWork\" ><div role=\"tablist\" class=\"single_toggle\" data-tags=\"{Todo} \"  ><p data-fake-id='#toggle-id-11' class='toggler   '  itemprop=\"headline\"  role='tab' tabindex='0' aria-controls='toggle-id-11'>\u00bf Es posible darle una forma particular al producto ECOCONTACT\u00ae (cili\u0301ndrico por ejemplo)?<span class=\"toggle_icon\"><span class=\"vert_icon\"><\/span><span class=\"hor_icon\"><\/span><\/span><\/p><div id='toggle-id-11' class='toggle_wrap  '  ><div class='toggle_content invers-color '  itemprop=\"text\" ><p>Es posible adaptar ECOCONTACT\u00ae a la forma de su conexio\u0301n ele\u0301ctrica ya sea cili\u0301ndrica , convexa, co\u0301ncava, etc\u2026<\/p>\n<\/div><\/div><\/div><\/section>\n<section class='av_toggle_section av-qkmt8-12236e18ee60c73b7a1d6aa1b4f1ac2f'  itemscope=\"itemscope\" itemtype=\"https:\/\/schema.org\/CreativeWork\" ><div role=\"tablist\" class=\"single_toggle\" data-tags=\"{Todo} \"  ><p data-fake-id='#toggle-id-12' class='toggler   '  itemprop=\"headline\"  role='tab' tabindex='0' aria-controls='toggle-id-12'>\u00bf Cuales son las condiciones de ajuste de ECOCONTACT\u00ae ?<span class=\"toggle_icon\"><span class=\"vert_icon\"><\/span><span class=\"hor_icon\"><\/span><\/span><\/p><div id='toggle-id-12' class='toggle_wrap  '  ><div class='toggle_content invers-color '  itemprop=\"text\" ><p>Para un rendimiento optimal de ECOCONTACT \u00ae, recomendamos un ajuste de 0.7daN.mm2.<\/p>\n<\/div><\/div><\/div><\/section>\n<section class='av_toggle_section av-ixcbg-f819aab2c776f11325d6c5802702d49c'  itemscope=\"itemscope\" itemtype=\"https:\/\/schema.org\/CreativeWork\" ><div role=\"tablist\" class=\"single_toggle\" data-tags=\"{Todo} \"  ><p data-fake-id='#toggle-id-13' class='toggler   '  itemprop=\"headline\"  role='tab' tabindex='0' aria-controls='toggle-id-13'>Quelle est la pression de serrage minimum ?<span class=\"toggle_icon\"><span class=\"vert_icon\"><\/span><span class=\"hor_icon\"><\/span><\/span><\/p><div id='toggle-id-13' class='toggle_wrap  '  ><div class='toggle_content invers-color '  itemprop=\"text\" ><p>Para un rendimiento optimal de ECOCONTACT\u00ae, recomendamos un ajuste de 0.7daN.mm2.<\/p>\n<\/div><\/div><\/div><\/section>\n<section class='av_toggle_section av-gs3gc-3e4c5f8ca36aaf7cd6fd405b3cac93db'  itemscope=\"itemscope\" itemtype=\"https:\/\/schema.org\/CreativeWork\" ><div role=\"tablist\" class=\"single_toggle\" data-tags=\"{Todo} \"  ><p data-fake-id='#toggle-id-14' class='toggler   '  itemprop=\"headline\"  role='tab' tabindex='0' aria-controls='toggle-id-14'>\u00bf ECOCONTACT\u00ae puede reparar una superficie de conexio\u0301n muy degradada ?<span class=\"toggle_icon\"><span class=\"vert_icon\"><\/span><span class=\"hor_icon\"><\/span><\/span><\/p><div id='toggle-id-14' class='toggle_wrap  '  ><div class='toggle_content invers-color '  itemprop=\"text\" ><p>ECOCONTACT\u00ae permite reparar su conexio\u0301n ele\u0301ctrica a pesar de los defectos de llanura de ma\u0301s de 0.8mm.<\/p>\n<\/div><\/div><\/div><\/section>\n<section class='av_toggle_section av-askys-434d195a132b786a3718fcf5e37a6f1e'  itemscope=\"itemscope\" itemtype=\"https:\/\/schema.org\/CreativeWork\" ><div role=\"tablist\" class=\"single_toggle\" data-tags=\"{Todo} \"  ><p data-fake-id='#toggle-id-15' class='toggler   '  itemprop=\"headline\"  role='tab' tabindex='0' aria-controls='toggle-id-15'>\u00bf En una conexio\u0301n de cobre aluminio de una placa de interfaz, es necesario conservar la placa bimetalica ?<span class=\"toggle_icon\"><span class=\"vert_icon\"><\/span><span class=\"hor_icon\"><\/span><\/span><\/p><div id='toggle-id-15' class='toggle_wrap  '  ><div class='toggle_content invers-color '  itemprop=\"text\" ><p>Al contrario, incluso es recomendado retirarla.<\/p>\n<\/div><\/div><\/div><\/section>\n<\/div>\n","protected":false},"excerpt":{"rendered":"","protected":false},"author":1,"featured_media":0,"parent":0,"menu_order":0,"comment_status":"closed","ping_status":"closed","template":"","meta":{"footnotes":""},"class_list":["post-1279","page","type-page","status-publish","hentry"],"yoast_head":"<!-- This site is optimized with the Yoast SEO Premium plugin v23.5 (Yoast SEO v27.5) - https:\/\/yoast.com\/product\/yoast-seo-premium-wordpress\/ -->\n<title>Preguntas m\u00e1s frecuentes - Ecocontact<\/title>\n<meta name=\"robots\" content=\"index, follow, max-snippet:-1, max-image-preview:large, max-video-preview:-1\" \/>\n<link rel=\"canonical\" href=\"https:\/\/www.ecocontact.eu\/f-a-q\/\" \/>\n<meta property=\"og:locale\" content=\"es_ES\" \/>\n<meta property=\"og:type\" content=\"article\" \/>\n<meta property=\"og:title\" content=\"Preguntas m\u00e1s frecuentes\" \/>\n<meta property=\"og:url\" content=\"https:\/\/www.ecocontact.eu\/f-a-q\/\" \/>\n<meta property=\"og:site_name\" content=\"Ecocontact\" \/>\n<meta property=\"article:publisher\" content=\"https:\/\/www.facebook.com\/ecocontactsolutions\/\" \/>\n<meta property=\"article:modified_time\" content=\"2024-07-08T11:36:12+00:00\" \/>\n<meta property=\"og:image\" content=\"https:\/\/www.ecocontact.eu\/wp-content\/uploads\/2024\/07\/ecocontact-ban.jpg\" \/>\n\t<meta property=\"og:image:width\" content=\"1200\" \/>\n\t<meta property=\"og:image:height\" content=\"675\" \/>\n\t<meta property=\"og:image:type\" content=\"image\/jpeg\" \/>\n<meta name=\"twitter:card\" content=\"summary_large_image\" \/>\n<meta name=\"twitter:label1\" content=\"Tiempo de lectura\" \/>\n\t<meta name=\"twitter:data1\" content=\"5 minutos\" \/>\n<script type=\"application\/ld+json\" class=\"yoast-schema-graph\">{\"@context\":\"https:\\\/\\\/schema.org\",\"@graph\":[{\"@type\":\"WebPage\",\"@id\":\"https:\\\/\\\/www.ecocontact.eu\\\/f-a-q\\\/\",\"url\":\"https:\\\/\\\/www.ecocontact.eu\\\/f-a-q\\\/\",\"name\":\"Preguntas m\u00e1s frecuentes - Ecocontact\",\"isPartOf\":{\"@id\":\"https:\\\/\\\/www.ecocontact.eu\\\/#website\"},\"datePublished\":\"2018-03-01T16:11:13+00:00\",\"dateModified\":\"2024-07-08T11:36:12+00:00\",\"breadcrumb\":{\"@id\":\"https:\\\/\\\/www.ecocontact.eu\\\/f-a-q\\\/#breadcrumb\"},\"inLanguage\":\"es\",\"potentialAction\":[{\"@type\":\"ReadAction\",\"target\":[\"https:\\\/\\\/www.ecocontact.eu\\\/f-a-q\\\/\"]}]},{\"@type\":\"BreadcrumbList\",\"@id\":\"https:\\\/\\\/www.ecocontact.eu\\\/f-a-q\\\/#breadcrumb\",\"itemListElement\":[{\"@type\":\"ListItem\",\"position\":1,\"name\":\"Accueil\",\"item\":\"https:\\\/\\\/www.ecocontact.eu\\\/es\\\/pagina-de-inicio\\\/\"},{\"@type\":\"ListItem\",\"position\":2,\"name\":\"Preguntas m\u00e1s frecuentes\"}]},{\"@type\":\"WebSite\",\"@id\":\"https:\\\/\\\/www.ecocontact.eu\\\/#website\",\"url\":\"https:\\\/\\\/www.ecocontact.eu\\\/\",\"name\":\"Ecocontact\",\"description\":\"Solution simple et efficace contre les pertes \u00e9nerg\u00e9tiques dans les contacts \u00e9lectriques\",\"publisher\":{\"@id\":\"https:\\\/\\\/www.ecocontact.eu\\\/#organization\"},\"potentialAction\":[{\"@type\":\"SearchAction\",\"target\":{\"@type\":\"EntryPoint\",\"urlTemplate\":\"https:\\\/\\\/www.ecocontact.eu\\\/?s={search_term_string}\"},\"query-input\":{\"@type\":\"PropertyValueSpecification\",\"valueRequired\":true,\"valueName\":\"search_term_string\"}}],\"inLanguage\":\"es\"},{\"@type\":\"Organization\",\"@id\":\"https:\\\/\\\/www.ecocontact.eu\\\/#organization\",\"name\":\"Ecocontact\",\"url\":\"https:\\\/\\\/www.ecocontact.eu\\\/\",\"logo\":{\"@type\":\"ImageObject\",\"inLanguage\":\"es\",\"@id\":\"https:\\\/\\\/www.ecocontact.eu\\\/#\\\/schema\\\/logo\\\/image\\\/\",\"url\":\"https:\\\/\\\/www.ecocontact.eu\\\/wp-content\\\/uploads\\\/2024\\\/07\\\/EcoContact.jpg\",\"contentUrl\":\"https:\\\/\\\/www.ecocontact.eu\\\/wp-content\\\/uploads\\\/2024\\\/07\\\/EcoContact.jpg\",\"width\":696,\"height\":696,\"caption\":\"Ecocontact\"},\"image\":{\"@id\":\"https:\\\/\\\/www.ecocontact.eu\\\/#\\\/schema\\\/logo\\\/image\\\/\"},\"sameAs\":[\"https:\\\/\\\/www.facebook.com\\\/ecocontactsolutions\\\/\",\"https:\\\/\\\/www.instagram.com\\\/amc.groupe\"],\"description\":\"Ecocontact\u00ae est une solution innovante d\u00e9velopp\u00e9e par AMC, sp\u00e9cialiste dans la conception et la fabrication de composants pour circuits \u00e9lectro-intensifs. Ce produit de pointe assure des connexions \u00e9lectriques fiables et performantes, r\u00e9duisant les pertes \u00e9nerg\u00e9tiques et am\u00e9liorant l'efficacit\u00e9 de vos installations. Fort de plus de 20 ans d'expertise et de 40 brevets actifs, le groupe AMC propose Ecocontact\u00ae pour r\u00e9pondre aux exigences des secteurs de l'\u00e9nergie, de l'industrie et des infrastructures. D\u00e9couvrez comment Ecocontact\u00ae peut optimiser et transformer vos op\u00e9rations avec des solutions sur mesure, sans n\u00e9cessit\u00e9 de maintenance, des d\u00e9lais de livraison rapides et une fabrication 100% fran\u00e7aise.\",\"telephone\":\"+33(0)493902626\",\"legalName\":\"AMC Ecocontact\"}]}<\/script>\n<!-- \/ Yoast SEO Premium plugin. -->","yoast_head_json":{"title":"Preguntas m\u00e1s frecuentes - Ecocontact","robots":{"index":"index","follow":"follow","max-snippet":"max-snippet:-1","max-image-preview":"max-image-preview:large","max-video-preview":"max-video-preview:-1"},"canonical":"https:\/\/www.ecocontact.eu\/f-a-q\/","og_locale":"es_ES","og_type":"article","og_title":"Preguntas m\u00e1s frecuentes","og_url":"https:\/\/www.ecocontact.eu\/f-a-q\/","og_site_name":"Ecocontact","article_publisher":"https:\/\/www.facebook.com\/ecocontactsolutions\/","article_modified_time":"2024-07-08T11:36:12+00:00","og_image":[{"width":1200,"height":675,"url":"https:\/\/www.ecocontact.eu\/wp-content\/uploads\/2024\/07\/ecocontact-ban.jpg","type":"image\/jpeg"}],"twitter_card":"summary_large_image","twitter_misc":{"Tiempo de lectura":"5 minutos"},"schema":{"@context":"https:\/\/schema.org","@graph":[{"@type":"WebPage","@id":"https:\/\/www.ecocontact.eu\/f-a-q\/","url":"https:\/\/www.ecocontact.eu\/f-a-q\/","name":"Preguntas m\u00e1s frecuentes - Ecocontact","isPartOf":{"@id":"https:\/\/www.ecocontact.eu\/#website"},"datePublished":"2018-03-01T16:11:13+00:00","dateModified":"2024-07-08T11:36:12+00:00","breadcrumb":{"@id":"https:\/\/www.ecocontact.eu\/f-a-q\/#breadcrumb"},"inLanguage":"es","potentialAction":[{"@type":"ReadAction","target":["https:\/\/www.ecocontact.eu\/f-a-q\/"]}]},{"@type":"BreadcrumbList","@id":"https:\/\/www.ecocontact.eu\/f-a-q\/#breadcrumb","itemListElement":[{"@type":"ListItem","position":1,"name":"Accueil","item":"https:\/\/www.ecocontact.eu\/es\/pagina-de-inicio\/"},{"@type":"ListItem","position":2,"name":"Preguntas m\u00e1s frecuentes"}]},{"@type":"WebSite","@id":"https:\/\/www.ecocontact.eu\/#website","url":"https:\/\/www.ecocontact.eu\/","name":"Ecocontact","description":"Solution simple et efficace contre les pertes \u00e9nerg\u00e9tiques dans les contacts \u00e9lectriques","publisher":{"@id":"https:\/\/www.ecocontact.eu\/#organization"},"potentialAction":[{"@type":"SearchAction","target":{"@type":"EntryPoint","urlTemplate":"https:\/\/www.ecocontact.eu\/?s={search_term_string}"},"query-input":{"@type":"PropertyValueSpecification","valueRequired":true,"valueName":"search_term_string"}}],"inLanguage":"es"},{"@type":"Organization","@id":"https:\/\/www.ecocontact.eu\/#organization","name":"Ecocontact","url":"https:\/\/www.ecocontact.eu\/","logo":{"@type":"ImageObject","inLanguage":"es","@id":"https:\/\/www.ecocontact.eu\/#\/schema\/logo\/image\/","url":"https:\/\/www.ecocontact.eu\/wp-content\/uploads\/2024\/07\/EcoContact.jpg","contentUrl":"https:\/\/www.ecocontact.eu\/wp-content\/uploads\/2024\/07\/EcoContact.jpg","width":696,"height":696,"caption":"Ecocontact"},"image":{"@id":"https:\/\/www.ecocontact.eu\/#\/schema\/logo\/image\/"},"sameAs":["https:\/\/www.facebook.com\/ecocontactsolutions\/","https:\/\/www.instagram.com\/amc.groupe"],"description":"Ecocontact\u00ae est une solution innovante d\u00e9velopp\u00e9e par AMC, sp\u00e9cialiste dans la conception et la fabrication de composants pour circuits \u00e9lectro-intensifs. Ce produit de pointe assure des connexions \u00e9lectriques fiables et performantes, r\u00e9duisant les pertes \u00e9nerg\u00e9tiques et am\u00e9liorant l'efficacit\u00e9 de vos installations. Fort de plus de 20 ans d'expertise et de 40 brevets actifs, le groupe AMC propose Ecocontact\u00ae pour r\u00e9pondre aux exigences des secteurs de l'\u00e9nergie, de l'industrie et des infrastructures. D\u00e9couvrez comment Ecocontact\u00ae peut optimiser et transformer vos op\u00e9rations avec des solutions sur mesure, sans n\u00e9cessit\u00e9 de maintenance, des d\u00e9lais de livraison rapides et une fabrication 100% fran\u00e7aise.","telephone":"+33(0)493902626","legalName":"AMC Ecocontact"}]}},"jetpack_sharing_enabled":true,"jetpack_shortlink":"https:\/\/wp.me\/Pa9Tsk-kD","_links":{"self":[{"href":"https:\/\/www.ecocontact.eu\/es\/wp-json\/wp\/v2\/pages\/1279","targetHints":{"allow":["GET"]}}],"collection":[{"href":"https:\/\/www.ecocontact.eu\/es\/wp-json\/wp\/v2\/pages"}],"about":[{"href":"https:\/\/www.ecocontact.eu\/es\/wp-json\/wp\/v2\/types\/page"}],"author":[{"embeddable":true,"href":"https:\/\/www.ecocontact.eu\/es\/wp-json\/wp\/v2\/users\/1"}],"replies":[{"embeddable":true,"href":"https:\/\/www.ecocontact.eu\/es\/wp-json\/wp\/v2\/comments?post=1279"}],"version-history":[{"count":11,"href":"https:\/\/www.ecocontact.eu\/es\/wp-json\/wp\/v2\/pages\/1279\/revisions"}],"predecessor-version":[{"id":3059,"href":"https:\/\/www.ecocontact.eu\/es\/wp-json\/wp\/v2\/pages\/1279\/revisions\/3059"}],"wp:attachment":[{"href":"https:\/\/www.ecocontact.eu\/es\/wp-json\/wp\/v2\/media?parent=1279"}],"curies":[{"name":"wp","href":"https:\/\/api.w.org\/{rel}","templated":true}]}}