{"id":1277,"date":"2018-03-26T06:23:12","date_gmt":"2018-03-26T06:23:12","guid":{"rendered":"https:\/\/www.ecocontact.eu\/le-mot-du-president\/"},"modified":"2024-07-08T13:16:20","modified_gmt":"2024-07-08T13:16:20","slug":"la-palabra-del-presidente","status":"publish","type":"page","link":"https:\/\/www.ecocontact.eu\/es\/la-palabra-del-presidente\/","title":{"rendered":"Una palabra del presidente"},"content":{"rendered":"\n<style type=\"text\/css\" data-created_by=\"avia_inline_auto\" id=\"style-css-av-zagss-4bb383bb5b9fe3c504dbc99fb2894d5b\">\n.flex_column.av-zagss-4bb383bb5b9fe3c504dbc99fb2894d5b{\nborder-radius:0px 0px 0px 0px;\npadding:0px 0px 0px 0px;\n}\n<\/style>\n<div  class='flex_column av-zagss-4bb383bb5b9fe3c504dbc99fb2894d5b av_one_half  avia-builder-el-0  el_before_av_one_half  avia-builder-el-first  first flex_column_div av-zero-column-padding  '     ><style type=\"text\/css\" data-created_by=\"avia_inline_auto\" id=\"style-css-av-onij8-4463bb49604f2f003b14571efb2cffbe\">\n.avia-image-container.av-onij8-4463bb49604f2f003b14571efb2cffbe img.avia_image{\nbox-shadow:none;\n}\n.avia-image-container.av-onij8-4463bb49604f2f003b14571efb2cffbe .av-image-caption-overlay-center{\ncolor:#ffffff;\n}\n<\/style>\n<div  class='avia-image-container av-onij8-4463bb49604f2f003b14571efb2cffbe av-styling- avia-align-center  avia-builder-el-1  avia-builder-el-no-sibling '   itemprop=\"image\" itemscope=\"itemscope\" itemtype=\"https:\/\/schema.org\/ImageObject\" ><div class=\"avia-image-container-inner\"><div class=\"avia-image-overlay-wrap\"><img decoding=\"async\" class='wp-image-2959 avia-img-lazy-loading-not-2959 avia_image ' src=\"https:\/\/www.ecocontact.eu\/wp-content\/uploads\/2024\/07\/michel-pillet-amc-groupe.png\" alt='' title='michel-pillet-amc-groupe'  height=\"672\" width=\"798\"  itemprop=\"thumbnailUrl\" srcset=\"https:\/\/www.ecocontact.eu\/wp-content\/uploads\/2024\/07\/michel-pillet-amc-groupe.png 798w, https:\/\/www.ecocontact.eu\/wp-content\/uploads\/2024\/07\/michel-pillet-amc-groupe-300x253.png 300w, https:\/\/www.ecocontact.eu\/wp-content\/uploads\/2024\/07\/michel-pillet-amc-groupe-768x647.png 768w, https:\/\/www.ecocontact.eu\/wp-content\/uploads\/2024\/07\/michel-pillet-amc-groupe-705x594.png 705w\" sizes=\"(max-width: 798px) 100vw, 798px\" \/><\/div><\/div><\/div><\/div>\n\n<style type=\"text\/css\" data-created_by=\"avia_inline_auto\" id=\"style-css-av-m1hi4-bada3d14c89599568b1b6a2a5a5edf67\">\n.flex_column.av-m1hi4-bada3d14c89599568b1b6a2a5a5edf67{\nborder-radius:0px 0px 0px 0px;\npadding:0px 0px 0px 0px;\n}\n<\/style>\n<div  class='flex_column av-m1hi4-bada3d14c89599568b1b6a2a5a5edf67 av_one_half  avia-builder-el-2  el_after_av_one_half  avia-builder-el-last  flex_column_div av-zero-column-padding  '     ><p>\n<style type=\"text\/css\" data-created_by=\"avia_inline_auto\" id=\"style-css-av-dlu6c-f15b1e06991a84fd90e31c3e2c9b27cc\">\n#top .av-special-heading.av-dlu6c-f15b1e06991a84fd90e31c3e2c9b27cc{\npadding-bottom:10px;\n}\nbody .av-special-heading.av-dlu6c-f15b1e06991a84fd90e31c3e2c9b27cc .av-special-heading-tag .heading-char{\nfont-size:25px;\n}\n.av-special-heading.av-dlu6c-f15b1e06991a84fd90e31c3e2c9b27cc .av-subheading{\nfont-size:15px;\n}\n<\/style>\n<div  class='av-special-heading av-dlu6c-f15b1e06991a84fd90e31c3e2c9b27cc av-special-heading-h2  avia-builder-el-3  el_before_av_textblock  avia-builder-el-first '><h2 class='av-special-heading-tag'  itemprop=\"headline\"  >Una palabra del presidente<\/h2><div class=\"special-heading-border\"><div class=\"special-heading-inner-border\"><\/div><\/div><\/div><br \/>\n<section  class='av_textblock_section av-7cz9o-6e2ade98a723d3754e19ba0b4284d55d '   itemscope=\"itemscope\" itemtype=\"https:\/\/schema.org\/CreativeWork\" ><div class='avia_textblock'  itemprop=\"text\" ><p>\u00abEl fuerte desarrollo de la red el\u00e9ctrica global mejora nuestro nicho tecnol\u00f3gico en la ingenier\u00eda el\u00e9ctrica y abre considerables campos de innovaci\u00f3n.<\/p>\n<p>Aut\u00e9ntico especialista en circuitos electrointensivos, el grupo AMC fue fundado en 2003 con la ambici\u00f3n de ayudar a los fabricantes a proteger sus contactos el\u00e9ctricos y optimizar el recurso el\u00e9ctrico, para que sea producido, transportado y entregado en las mejores condiciones y con las mejores condiciones posibles. actuaci\u00f3n.<\/p>\n<p>Tanto los industriales como los administradores de redes el\u00e9ctricas han constatado desde hace varias d\u00e9cadas una escasez de cualificaciones en ingenier\u00eda el\u00e9ctrica, aunque los problemas y sus costes siguen aumentando.<\/p>\n<p>En este nicho tecnol\u00f3gico excepcional, AMC y su joven equipo contribuyen a impulsar soluciones innovadoras, como ECOCONTACT\u00ae, el INVERSOR DE FUENTE calificado para centrales nucleares, as\u00ed como todos los productos y servicios asociados.\u00bb<\/p>\n<p><strong>Michel PILLET<\/strong><br \/>\n<em>Presidente Fundador de AMC ETEC<\/em><\/p>\n<\/div><\/section><\/p><\/div>\n","protected":false},"excerpt":{"rendered":"","protected":false},"author":1,"featured_media":0,"parent":0,"menu_order":0,"comment_status":"closed","ping_status":"closed","template":"","meta":{"footnotes":""},"class_list":["post-1277","page","type-page","status-publish","hentry"],"yoast_head":"<!-- This site is optimized with the Yoast SEO Premium plugin v23.5 (Yoast SEO v27.3) - https:\/\/yoast.com\/product\/yoast-seo-premium-wordpress\/ -->\n<title>Una palabra del presidente - Ecocontact<\/title>\n<meta name=\"robots\" content=\"index, follow, max-snippet:-1, max-image-preview:large, max-video-preview:-1\" \/>\n<link rel=\"canonical\" href=\"https:\/\/www.ecocontact.eu\/le-mot-du-president\/\" \/>\n<meta property=\"og:locale\" content=\"es_ES\" \/>\n<meta property=\"og:type\" content=\"article\" \/>\n<meta property=\"og:title\" content=\"Una palabra del presidente\" \/>\n<meta property=\"og:url\" content=\"https:\/\/www.ecocontact.eu\/le-mot-du-president\/\" \/>\n<meta property=\"og:site_name\" content=\"Ecocontact\" \/>\n<meta property=\"article:publisher\" content=\"https:\/\/www.facebook.com\/ecocontactsolutions\/\" \/>\n<meta property=\"article:modified_time\" content=\"2024-07-08T13:16:20+00:00\" \/>\n<meta property=\"og:image\" content=\"https:\/\/www.ecocontact.eu\/wp-content\/uploads\/2024\/07\/ecocontact-ban.jpg\" \/>\n\t<meta property=\"og:image:width\" content=\"1200\" \/>\n\t<meta property=\"og:image:height\" content=\"675\" \/>\n\t<meta property=\"og:image:type\" content=\"image\/jpeg\" \/>\n<meta name=\"twitter:card\" content=\"summary_large_image\" \/>\n<meta name=\"twitter:label1\" content=\"Tiempo de lectura\" \/>\n\t<meta name=\"twitter:data1\" content=\"1 minuto\" \/>\n<script type=\"application\/ld+json\" class=\"yoast-schema-graph\">{\"@context\":\"https:\\\/\\\/schema.org\",\"@graph\":[{\"@type\":\"WebPage\",\"@id\":\"https:\\\/\\\/www.ecocontact.eu\\\/le-mot-du-president\\\/\",\"url\":\"https:\\\/\\\/www.ecocontact.eu\\\/le-mot-du-president\\\/\",\"name\":\"Una palabra del presidente - Ecocontact\",\"isPartOf\":{\"@id\":\"https:\\\/\\\/www.ecocontact.eu\\\/#website\"},\"datePublished\":\"2018-03-26T06:23:12+00:00\",\"dateModified\":\"2024-07-08T13:16:20+00:00\",\"breadcrumb\":{\"@id\":\"https:\\\/\\\/www.ecocontact.eu\\\/le-mot-du-president\\\/#breadcrumb\"},\"inLanguage\":\"es\",\"potentialAction\":[{\"@type\":\"ReadAction\",\"target\":[\"https:\\\/\\\/www.ecocontact.eu\\\/le-mot-du-president\\\/\"]}]},{\"@type\":\"BreadcrumbList\",\"@id\":\"https:\\\/\\\/www.ecocontact.eu\\\/le-mot-du-president\\\/#breadcrumb\",\"itemListElement\":[{\"@type\":\"ListItem\",\"position\":1,\"name\":\"Accueil\",\"item\":\"https:\\\/\\\/www.ecocontact.eu\\\/es\\\/pagina-de-inicio\\\/\"},{\"@type\":\"ListItem\",\"position\":2,\"name\":\"Una palabra del presidente\"}]},{\"@type\":\"WebSite\",\"@id\":\"https:\\\/\\\/www.ecocontact.eu\\\/#website\",\"url\":\"https:\\\/\\\/www.ecocontact.eu\\\/\",\"name\":\"Ecocontact\",\"description\":\"Solution simple et efficace contre les pertes \u00e9nerg\u00e9tiques dans les contacts \u00e9lectriques\",\"publisher\":{\"@id\":\"https:\\\/\\\/www.ecocontact.eu\\\/#organization\"},\"potentialAction\":[{\"@type\":\"SearchAction\",\"target\":{\"@type\":\"EntryPoint\",\"urlTemplate\":\"https:\\\/\\\/www.ecocontact.eu\\\/?s={search_term_string}\"},\"query-input\":{\"@type\":\"PropertyValueSpecification\",\"valueRequired\":true,\"valueName\":\"search_term_string\"}}],\"inLanguage\":\"es\"},{\"@type\":\"Organization\",\"@id\":\"https:\\\/\\\/www.ecocontact.eu\\\/#organization\",\"name\":\"Ecocontact\",\"url\":\"https:\\\/\\\/www.ecocontact.eu\\\/\",\"logo\":{\"@type\":\"ImageObject\",\"inLanguage\":\"es\",\"@id\":\"https:\\\/\\\/www.ecocontact.eu\\\/#\\\/schema\\\/logo\\\/image\\\/\",\"url\":\"https:\\\/\\\/www.ecocontact.eu\\\/wp-content\\\/uploads\\\/2024\\\/07\\\/EcoContact.jpg\",\"contentUrl\":\"https:\\\/\\\/www.ecocontact.eu\\\/wp-content\\\/uploads\\\/2024\\\/07\\\/EcoContact.jpg\",\"width\":696,\"height\":696,\"caption\":\"Ecocontact\"},\"image\":{\"@id\":\"https:\\\/\\\/www.ecocontact.eu\\\/#\\\/schema\\\/logo\\\/image\\\/\"},\"sameAs\":[\"https:\\\/\\\/www.facebook.com\\\/ecocontactsolutions\\\/\",\"https:\\\/\\\/www.instagram.com\\\/amc.groupe\"],\"description\":\"Ecocontact\u00ae est une solution innovante d\u00e9velopp\u00e9e par AMC, sp\u00e9cialiste dans la conception et la fabrication de composants pour circuits \u00e9lectro-intensifs. Ce produit de pointe assure des connexions \u00e9lectriques fiables et performantes, r\u00e9duisant les pertes \u00e9nerg\u00e9tiques et am\u00e9liorant l'efficacit\u00e9 de vos installations. Fort de plus de 20 ans d'expertise et de 40 brevets actifs, le groupe AMC propose Ecocontact\u00ae pour r\u00e9pondre aux exigences des secteurs de l'\u00e9nergie, de l'industrie et des infrastructures. D\u00e9couvrez comment Ecocontact\u00ae peut optimiser et transformer vos op\u00e9rations avec des solutions sur mesure, sans n\u00e9cessit\u00e9 de maintenance, des d\u00e9lais de livraison rapides et une fabrication 100% fran\u00e7aise.\",\"telephone\":\"+33(0)493902626\",\"legalName\":\"AMC Ecocontact\"}]}<\/script>\n<!-- \/ Yoast SEO Premium plugin. -->","yoast_head_json":{"title":"Una palabra del presidente - Ecocontact","robots":{"index":"index","follow":"follow","max-snippet":"max-snippet:-1","max-image-preview":"max-image-preview:large","max-video-preview":"max-video-preview:-1"},"canonical":"https:\/\/www.ecocontact.eu\/le-mot-du-president\/","og_locale":"es_ES","og_type":"article","og_title":"Una palabra del presidente","og_url":"https:\/\/www.ecocontact.eu\/le-mot-du-president\/","og_site_name":"Ecocontact","article_publisher":"https:\/\/www.facebook.com\/ecocontactsolutions\/","article_modified_time":"2024-07-08T13:16:20+00:00","og_image":[{"width":1200,"height":675,"url":"https:\/\/www.ecocontact.eu\/wp-content\/uploads\/2024\/07\/ecocontact-ban.jpg","type":"image\/jpeg"}],"twitter_card":"summary_large_image","twitter_misc":{"Tiempo de lectura":"1 minuto"},"schema":{"@context":"https:\/\/schema.org","@graph":[{"@type":"WebPage","@id":"https:\/\/www.ecocontact.eu\/le-mot-du-president\/","url":"https:\/\/www.ecocontact.eu\/le-mot-du-president\/","name":"Una palabra del presidente - Ecocontact","isPartOf":{"@id":"https:\/\/www.ecocontact.eu\/#website"},"datePublished":"2018-03-26T06:23:12+00:00","dateModified":"2024-07-08T13:16:20+00:00","breadcrumb":{"@id":"https:\/\/www.ecocontact.eu\/le-mot-du-president\/#breadcrumb"},"inLanguage":"es","potentialAction":[{"@type":"ReadAction","target":["https:\/\/www.ecocontact.eu\/le-mot-du-president\/"]}]},{"@type":"BreadcrumbList","@id":"https:\/\/www.ecocontact.eu\/le-mot-du-president\/#breadcrumb","itemListElement":[{"@type":"ListItem","position":1,"name":"Accueil","item":"https:\/\/www.ecocontact.eu\/es\/pagina-de-inicio\/"},{"@type":"ListItem","position":2,"name":"Una palabra del presidente"}]},{"@type":"WebSite","@id":"https:\/\/www.ecocontact.eu\/#website","url":"https:\/\/www.ecocontact.eu\/","name":"Ecocontact","description":"Solution simple et efficace contre les pertes \u00e9nerg\u00e9tiques dans les contacts \u00e9lectriques","publisher":{"@id":"https:\/\/www.ecocontact.eu\/#organization"},"potentialAction":[{"@type":"SearchAction","target":{"@type":"EntryPoint","urlTemplate":"https:\/\/www.ecocontact.eu\/?s={search_term_string}"},"query-input":{"@type":"PropertyValueSpecification","valueRequired":true,"valueName":"search_term_string"}}],"inLanguage":"es"},{"@type":"Organization","@id":"https:\/\/www.ecocontact.eu\/#organization","name":"Ecocontact","url":"https:\/\/www.ecocontact.eu\/","logo":{"@type":"ImageObject","inLanguage":"es","@id":"https:\/\/www.ecocontact.eu\/#\/schema\/logo\/image\/","url":"https:\/\/www.ecocontact.eu\/wp-content\/uploads\/2024\/07\/EcoContact.jpg","contentUrl":"https:\/\/www.ecocontact.eu\/wp-content\/uploads\/2024\/07\/EcoContact.jpg","width":696,"height":696,"caption":"Ecocontact"},"image":{"@id":"https:\/\/www.ecocontact.eu\/#\/schema\/logo\/image\/"},"sameAs":["https:\/\/www.facebook.com\/ecocontactsolutions\/","https:\/\/www.instagram.com\/amc.groupe"],"description":"Ecocontact\u00ae est une solution innovante d\u00e9velopp\u00e9e par AMC, sp\u00e9cialiste dans la conception et la fabrication de composants pour circuits \u00e9lectro-intensifs. Ce produit de pointe assure des connexions \u00e9lectriques fiables et performantes, r\u00e9duisant les pertes \u00e9nerg\u00e9tiques et am\u00e9liorant l'efficacit\u00e9 de vos installations. Fort de plus de 20 ans d'expertise et de 40 brevets actifs, le groupe AMC propose Ecocontact\u00ae pour r\u00e9pondre aux exigences des secteurs de l'\u00e9nergie, de l'industrie et des infrastructures. D\u00e9couvrez comment Ecocontact\u00ae peut optimiser et transformer vos op\u00e9rations avec des solutions sur mesure, sans n\u00e9cessit\u00e9 de maintenance, des d\u00e9lais de livraison rapides et une fabrication 100% fran\u00e7aise.","telephone":"+33(0)493902626","legalName":"AMC Ecocontact"}]}},"jetpack_sharing_enabled":true,"jetpack_shortlink":"https:\/\/wp.me\/Pa9Tsk-kB","_links":{"self":[{"href":"https:\/\/www.ecocontact.eu\/es\/wp-json\/wp\/v2\/pages\/1277","targetHints":{"allow":["GET"]}}],"collection":[{"href":"https:\/\/www.ecocontact.eu\/es\/wp-json\/wp\/v2\/pages"}],"about":[{"href":"https:\/\/www.ecocontact.eu\/es\/wp-json\/wp\/v2\/types\/page"}],"author":[{"embeddable":true,"href":"https:\/\/www.ecocontact.eu\/es\/wp-json\/wp\/v2\/users\/1"}],"replies":[{"embeddable":true,"href":"https:\/\/www.ecocontact.eu\/es\/wp-json\/wp\/v2\/comments?post=1277"}],"version-history":[{"count":11,"href":"https:\/\/www.ecocontact.eu\/es\/wp-json\/wp\/v2\/pages\/1277\/revisions"}],"predecessor-version":[{"id":3178,"href":"https:\/\/www.ecocontact.eu\/es\/wp-json\/wp\/v2\/pages\/1277\/revisions\/3178"}],"wp:attachment":[{"href":"https:\/\/www.ecocontact.eu\/es\/wp-json\/wp\/v2\/media?parent=1277"}],"curies":[{"name":"wp","href":"https:\/\/api.w.org\/{rel}","templated":true}]}}