{"id":1244,"date":"2018-04-17T12:53:22","date_gmt":"2018-04-17T12:53:22","guid":{"rendered":"https:\/\/www.ecocontact.eu\/mentions-legales\/"},"modified":"2024-07-08T13:20:44","modified_gmt":"2024-07-08T13:20:44","slug":"menciones-legales","status":"publish","type":"page","link":"https:\/\/www.ecocontact.eu\/es\/menciones-legales\/","title":{"rendered":"Menciones legales"},"content":{"rendered":"<h3>1. Menciones legales<\/h3>\n<p>AMC ETEC<br \/>\nDirecci\u00f3n: 683, rue Isaac Newton, Technoparc Epsilon I<br \/>\n83700 Saint-Rapha\u00ebl<br \/>\nTel: +00 33 4 93 90 26 26<br \/>\n<a title=\"Ecocontact\" href=\"https:\/\/www.ecocontact.eu\/es\/quote-contact\">Cont\u00e1ctenos<\/a><\/p>\n<h3>Propiedad intelectual<\/h3>\n<p>Todo el contenido del sitio web ecocontact.eu (ilustraciones, textos, folletos, marcas, im\u00e1genes, v\u00eddeos) es propiedad de AMC, sus cocontratantes o socios. Cualquier reproducci\u00f3n total o parcial del contenido del sitio web ecocontact.eu, por cualquier procedimiento y sobre cualquier soporte que sea, est\u00e1 sujeta a autorizaci\u00f3n previa y expresa de AMC. Toda la informaci\u00f3n, contenidos, archivos y programas inform\u00e1ticos suministrados en el sitio web ecocontact.eu est\u00e1n protegidos por las leyes francesas e internacionales sobre propiedad intelectual y el copyright. AMC no autoriza la reproducci\u00f3n, la representaci\u00f3n, la copia, la visualizaci\u00f3n o la distribuci\u00f3n de contenidos para los cuales el usuario del sitio web ecocontact.eu no tiene derechos de propiedad intelectual. Cualquier uso sin autorizaci\u00f3n de estos contenidos timando los derechos de AMC y\/o los derechos de terceros sobre \u00e9stos, puede constituir el delito de falsificaci\u00f3n severamente sancionado por el C\u00f3digo de la Propiedad Intelectual. AMC no podr\u00e1 en ning\u00fan caso ser considerada responsable en el caso de que un usuario del sitio web ecocontact.eu timelos derechos de propiedad de terceros, debido a las actividades del usuario en el sitio web ecocontact.eu.<\/p>\n<h3>Cookies<\/h3>\n<h4>Pol\u00edtica de uso de cookies<\/h4>\n<p>Al consultar ecocontact.eu, se instalan cookies en su ordenador, su m\u00f3vil o su tableta. ecocontact.eu est\u00e1 dise\u00f1ado para prestar atenci\u00f3n a las necesidades y expectativas de nuestros lectores. Por esta raz\u00f3n, entre otras, utilizamos cookies para, por ejemplo, identificarle y acceder a su cuenta. Esta p\u00e1gina le permite comprender mejor c\u00f3mo funcionan las cookies y c\u00f3mo configurarlas.<\/p>\n<h4>Definici\u00f3n de una cookie<\/h4>\n<p>Una cookie es un archivo de texto que se almacena en su ordenador durante la visita de un sitio web o de la consulta de una publicidad. Tiene como objetivo recoger informaci\u00f3n sobre su navegaci\u00f3n y enviarle servicios adecuados a su terminal (ordenador, m\u00f3vil o tableta).\u2028Las cookies son gestionadas por su navegador de internet.<\/p>\n<h4>Los distintos emisores:<\/h4>\n<ul>\n<li>Las cookies ecocontact.eu: son las cookies almacenadas en su terminal para satisfacer las necesidades de navegaci\u00f3n, de optimizaci\u00f3n y personalizaci\u00f3n de servicios en nuestro sitio web.<\/li>\n<li>Las cookies de terceros: son las cookies almacenadas por terceras empresas (por ejemplo, los socios) para identificar sus intereses y, eventualmente, personalizar la oferta publicitaria que se le env\u00eda en y fuera de nuestro sitio web. Pueden almacenarse cuando navega en nuestro sitio web o al hacer clic en los espacios publicitarios de nuestro sitio web. En el marco de las relaciones con socios, nos aseguramos de que las empresas asociadas cumplan estrictamente la ley inform\u00e1tica y libertades del 6 de enero de 1978, modificadas y se comprometan a poner en pr\u00e1ctica las medidas adecuadas de seguridad y protecci\u00f3n de la confidencialidad de los datos.<\/li>\n<\/ul>\n<h4>Configurar su navegador de internet<\/h4>\n<p>Puede en cualquier momento optar por desactivar estas cookies. El navegador tambi\u00e9n puede ser configurado para mostrarle las cookies que se almacenar\u00e1n en el ordenador y preguntarle si las acepta o no. Puede aceptar o rechazar las cookies en cada caso o bien rechazarlas sistem\u00e1ticamente.<br \/>\nLe recordamos que la configuraci\u00f3n puede modificar sus condiciones de acceso a nuestros contenidos y servicios que requieren el uso de cookies.<br \/>\nSi el navegador est\u00e1 configurado para rechazar todas las cookies, no podr\u00e1 disfrutar de una parte de nuestros servicios. Con el fin de gestionar las cookies del modo m\u00e1s acorde con sus expectativas, le invitamos a configurar su navegador, teniendo en cuenta la finalidad de las cookies.<\/p>\n<ul>\n<li>Internet Explorer: en Internet Explorer, haga clic en el bot\u00f3n Herramientas, y luego en Opciones de Internet. En la pesta\u00f1a General, en Historial de navegaci\u00f3n, haga clic en Configuraci\u00f3n. Haga clic en el bot\u00f3n Mostrar los archivos.<\/li>\n<li>Firefox: vaya a la pesta\u00f1a Herramientas del navegador y seleccione el men\u00fa Opciones. En la ventana que aparece, seleccione Privacidad y haga clic en Ver las cookies.<\/li>\n<li>Safari: en su navegador, seleccione el men\u00fa Edici\u00f3n &gt; Preferencias. Haga clic en Seguridad. Haga clic en Mostrar las cookies.<\/li>\n<li>Google Chrome: haga clic en el icono del Men\u00fa Herramientas. Seleccione Opciones. Haga clic en la pesta\u00f1a Opciones avanzadas y vaya a la secci\u00f3n Confidencialidad. Haga clic en el bot\u00f3n Mostrar las cookies.<\/li>\n<\/ul>\n<h3>Comentario, cr\u00edtica, comunicaci\u00f3n<\/h3>\n<p>Las opiniones enviadas por los usuarios del sitio web ecocontact.eu en las p\u00e1ginas de \u00e9ste son le\u00eddas por los moderadores de AMC antes de su publicaci\u00f3n en el sitio web ecocontact.eu, seg\u00fan las reglas de moderaci\u00f3n. Si los prop\u00f3sitos enviados por los usuarios del sitio web ecocontact.eu infringen la ley, la \u00e9tica (publicidad abusiva, difamaci\u00f3n, insultos, comentarios fuera de contexto\u2026) y\/o son contrarios a la pol\u00edtica editorial de ecocontact.eu, AMC se reserva el derecho discrecional de rechazar o modificar la opini\u00f3n correspondiente.<\/p>\n<h3>Datos personales<\/h3>\n<p>Al inscribirse en el sitio web ecocontact.eu (en particular para la apertura de una cuenta de cliente o abon\u00e1ndose a los servicios prestados en el sitio web ecocontact.eu), el usuario del sitio web se compromete a proporcionarnos datos sinceros y verdaderos que le conciernen. La comunicaci\u00f3n de informaci\u00f3n falsa es contraria a las presentes condiciones de uso. De conformidad con la Ley no 78-17 del 6 de enero de 1978 \u201cInform\u00e1tica y Libertades\u201d, la recogida y tratamiento de estos datos han sido objeto de una declaraci\u00f3n ante la Comisi\u00f3n Nacional de Inform\u00e1tica y Libertades (CNIL), con n\u00famero de justificante n\u00famero 1999682. AMC es la \u00fanica poseedora de la informaci\u00f3n que le concierne. Usted puede en cualquier momento hacer una solicitud ante ecocontact.eu para: saber cu\u00e1l es la informaci\u00f3n que le concierne que ecocontact.eu posee, oponerse a su tratamiento, modificarla o suprimirla. Puede solicitar no recibir estos correos electr\u00f3nicos en cualquier momento haciendo clic en el enlace previsto a tal efecto en el pie de p\u00e1gina de cada uno de los correos electr\u00f3nicos que le ser\u00e1n enviados.<\/p>\n","protected":false},"excerpt":{"rendered":"<p>1. Menciones legales AMC ETEC Direcci\u00f3n: 683, rue Isaac Newton, Technoparc Epsilon I 83700 Saint-Rapha\u00ebl Tel: +00 33 4 93 90 26 26 Cont\u00e1ctenos Propiedad intelectual Todo el contenido del sitio web ecocontact.eu (ilustraciones, textos, folletos, marcas, im\u00e1genes, v\u00eddeos) es propiedad de AMC, sus cocontratantes o socios. Cualquier reproducci\u00f3n total o parcial del contenido del [&hellip;]<\/p>\n","protected":false},"author":1,"featured_media":0,"parent":0,"menu_order":0,"comment_status":"closed","ping_status":"closed","template":"","meta":{"footnotes":""},"class_list":["post-1244","page","type-page","status-publish","hentry"],"yoast_head":"<!-- This site is optimized with the Yoast SEO Premium plugin v23.5 (Yoast SEO v27.5) - https:\/\/yoast.com\/product\/yoast-seo-premium-wordpress\/ -->\n<title>Menciones legales - Ecocontact<\/title>\n<meta name=\"robots\" content=\"index, follow, max-snippet:-1, max-image-preview:large, max-video-preview:-1\" \/>\n<link rel=\"canonical\" href=\"https:\/\/www.ecocontact.eu\/es\/menciones-legales\/\" \/>\n<meta property=\"og:locale\" content=\"es_ES\" \/>\n<meta property=\"og:type\" content=\"article\" \/>\n<meta property=\"og:title\" content=\"Menciones legales\" \/>\n<meta property=\"og:description\" content=\"1. Menciones legales AMC ETEC Direcci\u00f3n: 683, rue Isaac Newton, Technoparc Epsilon I 83700 Saint-Rapha\u00ebl Tel: +00 33 4 93 90 26 26 Cont\u00e1ctenos Propiedad intelectual Todo el contenido del sitio web ecocontact.eu (ilustraciones, textos, folletos, marcas, im\u00e1genes, v\u00eddeos) es propiedad de AMC, sus cocontratantes o socios. Cualquier reproducci\u00f3n total o parcial del contenido del [&hellip;]\" \/>\n<meta property=\"og:url\" content=\"https:\/\/www.ecocontact.eu\/es\/menciones-legales\/\" \/>\n<meta property=\"og:site_name\" content=\"Ecocontact\" \/>\n<meta property=\"article:publisher\" content=\"https:\/\/www.facebook.com\/ecocontactsolutions\/\" \/>\n<meta property=\"article:modified_time\" content=\"2024-07-08T13:20:44+00:00\" \/>\n<meta property=\"og:image\" content=\"https:\/\/www.ecocontact.eu\/wp-content\/uploads\/2024\/07\/ecocontact-ban.jpg\" \/>\n\t<meta property=\"og:image:width\" content=\"1200\" \/>\n\t<meta property=\"og:image:height\" content=\"675\" \/>\n\t<meta property=\"og:image:type\" content=\"image\/jpeg\" \/>\n<meta name=\"twitter:card\" content=\"summary_large_image\" \/>\n<meta name=\"twitter:label1\" content=\"Tiempo de lectura\" \/>\n\t<meta name=\"twitter:data1\" content=\"5 minutos\" \/>\n<script type=\"application\/ld+json\" class=\"yoast-schema-graph\">{\"@context\":\"https:\\\/\\\/schema.org\",\"@graph\":[{\"@type\":\"WebPage\",\"@id\":\"https:\\\/\\\/www.ecocontact.eu\\\/es\\\/menciones-legales\\\/\",\"url\":\"https:\\\/\\\/www.ecocontact.eu\\\/es\\\/menciones-legales\\\/\",\"name\":\"Menciones legales - Ecocontact\",\"isPartOf\":{\"@id\":\"https:\\\/\\\/www.ecocontact.eu\\\/#website\"},\"datePublished\":\"2018-04-17T12:53:22+00:00\",\"dateModified\":\"2024-07-08T13:20:44+00:00\",\"breadcrumb\":{\"@id\":\"https:\\\/\\\/www.ecocontact.eu\\\/es\\\/menciones-legales\\\/#breadcrumb\"},\"inLanguage\":\"es\",\"potentialAction\":[{\"@type\":\"ReadAction\",\"target\":[\"https:\\\/\\\/www.ecocontact.eu\\\/es\\\/menciones-legales\\\/\"]}]},{\"@type\":\"BreadcrumbList\",\"@id\":\"https:\\\/\\\/www.ecocontact.eu\\\/es\\\/menciones-legales\\\/#breadcrumb\",\"itemListElement\":[{\"@type\":\"ListItem\",\"position\":1,\"name\":\"Accueil\",\"item\":\"https:\\\/\\\/www.ecocontact.eu\\\/es\\\/pagina-de-inicio\\\/\"},{\"@type\":\"ListItem\",\"position\":2,\"name\":\"Menciones legales\"}]},{\"@type\":\"WebSite\",\"@id\":\"https:\\\/\\\/www.ecocontact.eu\\\/#website\",\"url\":\"https:\\\/\\\/www.ecocontact.eu\\\/\",\"name\":\"Ecocontact\",\"description\":\"Solution simple et efficace contre les pertes \u00e9nerg\u00e9tiques dans les contacts \u00e9lectriques\",\"publisher\":{\"@id\":\"https:\\\/\\\/www.ecocontact.eu\\\/#organization\"},\"potentialAction\":[{\"@type\":\"SearchAction\",\"target\":{\"@type\":\"EntryPoint\",\"urlTemplate\":\"https:\\\/\\\/www.ecocontact.eu\\\/?s={search_term_string}\"},\"query-input\":{\"@type\":\"PropertyValueSpecification\",\"valueRequired\":true,\"valueName\":\"search_term_string\"}}],\"inLanguage\":\"es\"},{\"@type\":\"Organization\",\"@id\":\"https:\\\/\\\/www.ecocontact.eu\\\/#organization\",\"name\":\"Ecocontact\",\"url\":\"https:\\\/\\\/www.ecocontact.eu\\\/\",\"logo\":{\"@type\":\"ImageObject\",\"inLanguage\":\"es\",\"@id\":\"https:\\\/\\\/www.ecocontact.eu\\\/#\\\/schema\\\/logo\\\/image\\\/\",\"url\":\"https:\\\/\\\/www.ecocontact.eu\\\/wp-content\\\/uploads\\\/2024\\\/07\\\/EcoContact.jpg\",\"contentUrl\":\"https:\\\/\\\/www.ecocontact.eu\\\/wp-content\\\/uploads\\\/2024\\\/07\\\/EcoContact.jpg\",\"width\":696,\"height\":696,\"caption\":\"Ecocontact\"},\"image\":{\"@id\":\"https:\\\/\\\/www.ecocontact.eu\\\/#\\\/schema\\\/logo\\\/image\\\/\"},\"sameAs\":[\"https:\\\/\\\/www.facebook.com\\\/ecocontactsolutions\\\/\",\"https:\\\/\\\/www.instagram.com\\\/amc.groupe\"],\"description\":\"Ecocontact\u00ae est une solution innovante d\u00e9velopp\u00e9e par AMC, sp\u00e9cialiste dans la conception et la fabrication de composants pour circuits \u00e9lectro-intensifs. Ce produit de pointe assure des connexions \u00e9lectriques fiables et performantes, r\u00e9duisant les pertes \u00e9nerg\u00e9tiques et am\u00e9liorant l'efficacit\u00e9 de vos installations. Fort de plus de 20 ans d'expertise et de 40 brevets actifs, le groupe AMC propose Ecocontact\u00ae pour r\u00e9pondre aux exigences des secteurs de l'\u00e9nergie, de l'industrie et des infrastructures. D\u00e9couvrez comment Ecocontact\u00ae peut optimiser et transformer vos op\u00e9rations avec des solutions sur mesure, sans n\u00e9cessit\u00e9 de maintenance, des d\u00e9lais de livraison rapides et une fabrication 100% fran\u00e7aise.\",\"telephone\":\"+33(0)493902626\",\"legalName\":\"AMC Ecocontact\"}]}<\/script>\n<!-- \/ Yoast SEO Premium plugin. -->","yoast_head_json":{"title":"Menciones legales - Ecocontact","robots":{"index":"index","follow":"follow","max-snippet":"max-snippet:-1","max-image-preview":"max-image-preview:large","max-video-preview":"max-video-preview:-1"},"canonical":"https:\/\/www.ecocontact.eu\/es\/menciones-legales\/","og_locale":"es_ES","og_type":"article","og_title":"Menciones legales","og_description":"1. Menciones legales AMC ETEC Direcci\u00f3n: 683, rue Isaac Newton, Technoparc Epsilon I 83700 Saint-Rapha\u00ebl Tel: +00 33 4 93 90 26 26 Cont\u00e1ctenos Propiedad intelectual Todo el contenido del sitio web ecocontact.eu (ilustraciones, textos, folletos, marcas, im\u00e1genes, v\u00eddeos) es propiedad de AMC, sus cocontratantes o socios. Cualquier reproducci\u00f3n total o parcial del contenido del [&hellip;]","og_url":"https:\/\/www.ecocontact.eu\/es\/menciones-legales\/","og_site_name":"Ecocontact","article_publisher":"https:\/\/www.facebook.com\/ecocontactsolutions\/","article_modified_time":"2024-07-08T13:20:44+00:00","og_image":[{"width":1200,"height":675,"url":"https:\/\/www.ecocontact.eu\/wp-content\/uploads\/2024\/07\/ecocontact-ban.jpg","type":"image\/jpeg"}],"twitter_card":"summary_large_image","twitter_misc":{"Tiempo de lectura":"5 minutos"},"schema":{"@context":"https:\/\/schema.org","@graph":[{"@type":"WebPage","@id":"https:\/\/www.ecocontact.eu\/es\/menciones-legales\/","url":"https:\/\/www.ecocontact.eu\/es\/menciones-legales\/","name":"Menciones legales - Ecocontact","isPartOf":{"@id":"https:\/\/www.ecocontact.eu\/#website"},"datePublished":"2018-04-17T12:53:22+00:00","dateModified":"2024-07-08T13:20:44+00:00","breadcrumb":{"@id":"https:\/\/www.ecocontact.eu\/es\/menciones-legales\/#breadcrumb"},"inLanguage":"es","potentialAction":[{"@type":"ReadAction","target":["https:\/\/www.ecocontact.eu\/es\/menciones-legales\/"]}]},{"@type":"BreadcrumbList","@id":"https:\/\/www.ecocontact.eu\/es\/menciones-legales\/#breadcrumb","itemListElement":[{"@type":"ListItem","position":1,"name":"Accueil","item":"https:\/\/www.ecocontact.eu\/es\/pagina-de-inicio\/"},{"@type":"ListItem","position":2,"name":"Menciones legales"}]},{"@type":"WebSite","@id":"https:\/\/www.ecocontact.eu\/#website","url":"https:\/\/www.ecocontact.eu\/","name":"Ecocontact","description":"Solution simple et efficace contre les pertes \u00e9nerg\u00e9tiques dans les contacts \u00e9lectriques","publisher":{"@id":"https:\/\/www.ecocontact.eu\/#organization"},"potentialAction":[{"@type":"SearchAction","target":{"@type":"EntryPoint","urlTemplate":"https:\/\/www.ecocontact.eu\/?s={search_term_string}"},"query-input":{"@type":"PropertyValueSpecification","valueRequired":true,"valueName":"search_term_string"}}],"inLanguage":"es"},{"@type":"Organization","@id":"https:\/\/www.ecocontact.eu\/#organization","name":"Ecocontact","url":"https:\/\/www.ecocontact.eu\/","logo":{"@type":"ImageObject","inLanguage":"es","@id":"https:\/\/www.ecocontact.eu\/#\/schema\/logo\/image\/","url":"https:\/\/www.ecocontact.eu\/wp-content\/uploads\/2024\/07\/EcoContact.jpg","contentUrl":"https:\/\/www.ecocontact.eu\/wp-content\/uploads\/2024\/07\/EcoContact.jpg","width":696,"height":696,"caption":"Ecocontact"},"image":{"@id":"https:\/\/www.ecocontact.eu\/#\/schema\/logo\/image\/"},"sameAs":["https:\/\/www.facebook.com\/ecocontactsolutions\/","https:\/\/www.instagram.com\/amc.groupe"],"description":"Ecocontact\u00ae est une solution innovante d\u00e9velopp\u00e9e par AMC, sp\u00e9cialiste dans la conception et la fabrication de composants pour circuits \u00e9lectro-intensifs. Ce produit de pointe assure des connexions \u00e9lectriques fiables et performantes, r\u00e9duisant les pertes \u00e9nerg\u00e9tiques et am\u00e9liorant l'efficacit\u00e9 de vos installations. Fort de plus de 20 ans d'expertise et de 40 brevets actifs, le groupe AMC propose Ecocontact\u00ae pour r\u00e9pondre aux exigences des secteurs de l'\u00e9nergie, de l'industrie et des infrastructures. D\u00e9couvrez comment Ecocontact\u00ae peut optimiser et transformer vos op\u00e9rations avec des solutions sur mesure, sans n\u00e9cessit\u00e9 de maintenance, des d\u00e9lais de livraison rapides et une fabrication 100% fran\u00e7aise.","telephone":"+33(0)493902626","legalName":"AMC Ecocontact"}]}},"jetpack_sharing_enabled":true,"jetpack_shortlink":"https:\/\/wp.me\/Pa9Tsk-k4","_links":{"self":[{"href":"https:\/\/www.ecocontact.eu\/es\/wp-json\/wp\/v2\/pages\/1244","targetHints":{"allow":["GET"]}}],"collection":[{"href":"https:\/\/www.ecocontact.eu\/es\/wp-json\/wp\/v2\/pages"}],"about":[{"href":"https:\/\/www.ecocontact.eu\/es\/wp-json\/wp\/v2\/types\/page"}],"author":[{"embeddable":true,"href":"https:\/\/www.ecocontact.eu\/es\/wp-json\/wp\/v2\/users\/1"}],"replies":[{"embeddable":true,"href":"https:\/\/www.ecocontact.eu\/es\/wp-json\/wp\/v2\/comments?post=1244"}],"version-history":[{"count":2,"href":"https:\/\/www.ecocontact.eu\/es\/wp-json\/wp\/v2\/pages\/1244\/revisions"}],"predecessor-version":[{"id":3183,"href":"https:\/\/www.ecocontact.eu\/es\/wp-json\/wp\/v2\/pages\/1244\/revisions\/3183"}],"wp:attachment":[{"href":"https:\/\/www.ecocontact.eu\/es\/wp-json\/wp\/v2\/media?parent=1244"}],"curies":[{"name":"wp","href":"https:\/\/api.w.org\/{rel}","templated":true}]}}