{"id":1242,"date":"2018-04-17T12:53:52","date_gmt":"2018-04-17T12:53:52","guid":{"rendered":"https:\/\/www.ecocontact.eu\/conditions-generales-de-vente\/"},"modified":"2018-07-18T08:24:21","modified_gmt":"2018-07-18T08:24:21","slug":"condiciones-generales-de-venta","status":"publish","type":"page","link":"https:\/\/www.ecocontact.eu\/es\/condiciones-generales-de-venta\/","title":{"rendered":"Condiciones Generales de Venta"},"content":{"rendered":"<h3>Art\u00edculo 1\u2013 Objeto<\/h3>\n<p>Las presentes condiciones regulan las ventas realizadas por la sociedad AMC ETEC situada en el 37 Avenue des Arlucs, 06150 Cannes, propietario del sitio web ecocontact.eu.<\/p>\n<h3>Art\u00edculo 2\u2013 Precio<\/h3>\n<p>Los precios de nuestros productos se indican en euros sin impuestos, salvo indicaci\u00f3n en contrario y excluyendo los costes de tratamiento y env\u00edo.<br \/>\nEn caso de un pedido que deba enviarse a un pa\u00eds que no sea Francia metropolitana, usted es el importador del producto o los productos en cuesti\u00f3n. Podr\u00e1n exigirse derechos de aduana u otros impuestos locales o derechos de importaci\u00f3n o impuestos estatales. Estos derechos e importes no forman parte del \u00e1mbito de decisi\u00f3n de la sociedad AMC ETEC.\u2028Estar\u00e1n a su cargo y bajo su entera responsabilidad, tanto en t\u00e9rminos de declaraciones como de los pagos a las autoridades y organismos competentes de su pa\u00eds. Le recomendamos que se informe sobre estas cuestiones ante las autoridades locales.\u2028Todos los pedidos independientemente de su origen son pagaderos en euros.\u2028La sociedad AMC ETEC se reserva el derecho de modificar sus precios en cualquier momento, pero el producto ser\u00e1 facturado en la base a la tarifa en vigor en el momento de la validaci\u00f3n del pedido y bajo reserva de disponibilidad.<\/p>\n<p>Los productos siguen siendo propiedad de la sociedad AMC ETEC hasta el pago completo del precio.<br \/>\nAtenci\u00f3n: desde el momento en que toma posesi\u00f3n f\u00edsicamente de productos ordenados, los riesgos de p\u00e9rdida o da\u00f1o de los productos le son transferidos.<\/p>\n<h3>Art\u00edculo 3 \u2013 Pedidos<\/h3>\n<p>Puede efectuar su pedido:<br \/>\n\u2022 En Internet: www.ecocontact.eu\/es<br \/>\n\u2022 Por tel\u00e9fono: 00 33 (0)4 93 90 26 26<br \/>\nLos datos contractuales ser\u00e1n objeto de una confirmaci\u00f3n a m\u00e1s tardar en el momento de la validaci\u00f3n de su pedido.<br \/>\nLa sociedad AMC ETEC se reserva el derecho de no registrar un pago, y no confirmar un pedido por cualquier raz\u00f3n que sea, y m\u00e1s concretamente en el caso de problemas de abastecimiento, o en caso de dificultad con respecto al pedido recibido.<\/p>\n<h3>Art\u00edculo 4 \u2013 Validaci\u00f3n de su pedido<\/h3>\n<p>Cualquier pedido de un producto que figura en el sitio web ecocontact.eu implica la adhesi\u00f3n a las presentes Condiciones Generales de Venta. La confirmaci\u00f3n de pedido supone su adhesi\u00f3n plena a las presentes Condiciones Generales de Venta, sin excepci\u00f3n ni reserva.<br \/>\nEl conjunto de datos proporcionados y la confirmaci\u00f3n registrada son el justificante de la transacci\u00f3n.<\/p>\n<h3>Art\u00edculo 5 \u2013 Pago<\/h3>\n<p>El hecho de validar su pedido supone para usted la obligaci\u00f3n de pagar el precio indicado. El pago de sus compras se realiza mediante el sistema seguro Paypal (cuenta o tarjetas de cr\u00e9dito) o por transferencia bancaria (el pedido se env\u00eda al recibir su pago).<\/p>\n<h3>Art\u00edculo 6 \u2013 Disponibilidad<\/h3>\n<p>Nuestros productos son propuestos como se visualizan en el sitio web ecocontact.eu y en el l\u00edmite de las existencias disponibles. Para los productos que no se almacenan, nuestras ofertas son v\u00e1lidas bajo reserva de disponibilidad de nuestros proveedores.\u2028En caso de indisponibilidad del producto despu\u00e9s de pasar su pedido, le informaremos por correo electr\u00f3nico. Su pedido quedar\u00e1 autom\u00e1ticamente anulado y no se realizar\u00e1 ning\u00fan pago bancario.<\/p>\n<h3>Art\u00edculo 7 \u2013 Env\u00edo<\/h3>\n<p>Los productos son enviados por Chronopost a la direcci\u00f3n de entrega indicada durante el proceso de pedido, en el plazo indicado en la p\u00e1gina de validaci\u00f3n del pedido. Sin embargo la sociedad SARL AMC ETEC no ser\u00e1 responsable en caso de eventuales retrasos causados por los transportistas.<\/p>\n<h3>Art\u00edculo 8 \u2013 Responsabilidad<\/h3>\n<p>Los productos propuestos se ajustan a la legislaci\u00f3n francesa vigente. La responsabilidad de la sociedad AMC ETEC no se ver\u00e1 comprometida en caso de incumplimiento de la legislaci\u00f3n del pa\u00eds donde el producto es entregado. Le corresponde comprobar ante las autoridades locales las posibilidades de importaci\u00f3n o de utilizaci\u00f3n de los productos o servicios que planea adquirir.<br \/>\nPor otra parte, la sociedad AMC ETEC no puede ser considerada responsable por los da\u00f1os resultantes de una mala utilizaci\u00f3n del producto adquirido.<br \/>\nPor \u00faltimo la responsabilidad de la sociedad AMC ETEC no se ver\u00e1 comprometida en inconvenientes o da\u00f1os ocurridos, resultantes del uso de Internet, en particular una interrupci\u00f3n del servicio, una intrusi\u00f3n externa o la presencia de virus inform\u00e1ticos.<\/p>\n<h3>Art\u00edculo 9 \u2013 Derecho aplicable en caso de litigio<\/h3>\n<p>Las presentes condiciones de venta est\u00e1n sujetas a la ley francesa. En caso de litigio, los tribunales franceses ser\u00e1n los \u00fanicos competentes.<\/p>\n<h3>Art\u00edculo 10 \u2013 Archivo Prueba<\/h3>\n<p>La sociedad AMC ETEC archivar\u00e1 los pedidos y facturas en un soporte fiable y sostenible que constituir\u00e1 una copia fiel de conformidad con lo dispuesto en el art\u00edculo 1348 del C\u00f3digo Civil.<br \/>\nLos registros informatizados de la sociedad AMC ETEC se considerar\u00e1n por todas las partes interesadas como una prueba de las comunicaciones, pedidos, pagos y transacciones ocurridos entre las partes.<\/p>\n","protected":false},"excerpt":{"rendered":"<p>Art\u00edculo 1\u2013 Objeto Las presentes condiciones regulan las ventas realizadas por la sociedad AMC ETEC situada en el 37 Avenue des Arlucs, 06150 Cannes, propietario del sitio web ecocontact.eu. Art\u00edculo 2\u2013 Precio Los precios de nuestros productos se indican en euros sin impuestos, salvo indicaci\u00f3n en contrario y excluyendo los costes de tratamiento y env\u00edo. [&hellip;]<\/p>\n","protected":false},"author":1,"featured_media":0,"parent":0,"menu_order":0,"comment_status":"closed","ping_status":"closed","template":"","meta":{"footnotes":""},"class_list":["post-1242","page","type-page","status-publish","hentry"],"yoast_head":"<!-- This site is optimized with the Yoast SEO Premium plugin v23.5 (Yoast SEO v27.4) - https:\/\/yoast.com\/product\/yoast-seo-premium-wordpress\/ -->\n<title>Condiciones Generales de Venta - Ecocontact<\/title>\n<meta name=\"robots\" content=\"index, follow, max-snippet:-1, max-image-preview:large, max-video-preview:-1\" \/>\n<link rel=\"canonical\" href=\"https:\/\/www.ecocontact.eu\/es\/condiciones-generales-de-venta\/\" \/>\n<meta property=\"og:locale\" content=\"es_ES\" \/>\n<meta property=\"og:type\" content=\"article\" \/>\n<meta property=\"og:title\" content=\"Condiciones Generales de Venta\" \/>\n<meta property=\"og:description\" content=\"Art\u00edculo 1\u2013 Objeto Las presentes condiciones regulan las ventas realizadas por la sociedad AMC ETEC situada en el 37 Avenue des Arlucs, 06150 Cannes, propietario del sitio web ecocontact.eu. Art\u00edculo 2\u2013 Precio Los precios de nuestros productos se indican en euros sin impuestos, salvo indicaci\u00f3n en contrario y excluyendo los costes de tratamiento y env\u00edo. [&hellip;]\" \/>\n<meta property=\"og:url\" content=\"https:\/\/www.ecocontact.eu\/es\/condiciones-generales-de-venta\/\" \/>\n<meta property=\"og:site_name\" content=\"Ecocontact\" \/>\n<meta property=\"article:publisher\" content=\"https:\/\/www.facebook.com\/ecocontactsolutions\/\" \/>\n<meta property=\"article:modified_time\" content=\"2018-07-18T08:24:21+00:00\" \/>\n<meta property=\"og:image\" content=\"https:\/\/www.ecocontact.eu\/wp-content\/uploads\/2024\/07\/ecocontact-ban.jpg\" \/>\n\t<meta property=\"og:image:width\" content=\"1200\" \/>\n\t<meta property=\"og:image:height\" content=\"675\" \/>\n\t<meta property=\"og:image:type\" content=\"image\/jpeg\" \/>\n<meta name=\"twitter:card\" content=\"summary_large_image\" \/>\n<meta name=\"twitter:label1\" content=\"Tiempo de lectura\" \/>\n\t<meta name=\"twitter:data1\" content=\"4 minutos\" \/>\n<script type=\"application\/ld+json\" class=\"yoast-schema-graph\">{\"@context\":\"https:\\\/\\\/schema.org\",\"@graph\":[{\"@type\":\"WebPage\",\"@id\":\"https:\\\/\\\/www.ecocontact.eu\\\/es\\\/condiciones-generales-de-venta\\\/\",\"url\":\"https:\\\/\\\/www.ecocontact.eu\\\/es\\\/condiciones-generales-de-venta\\\/\",\"name\":\"Condiciones Generales de Venta - Ecocontact\",\"isPartOf\":{\"@id\":\"https:\\\/\\\/www.ecocontact.eu\\\/#website\"},\"datePublished\":\"2018-04-17T12:53:52+00:00\",\"dateModified\":\"2018-07-18T08:24:21+00:00\",\"breadcrumb\":{\"@id\":\"https:\\\/\\\/www.ecocontact.eu\\\/es\\\/condiciones-generales-de-venta\\\/#breadcrumb\"},\"inLanguage\":\"es\",\"potentialAction\":[{\"@type\":\"ReadAction\",\"target\":[\"https:\\\/\\\/www.ecocontact.eu\\\/es\\\/condiciones-generales-de-venta\\\/\"]}]},{\"@type\":\"BreadcrumbList\",\"@id\":\"https:\\\/\\\/www.ecocontact.eu\\\/es\\\/condiciones-generales-de-venta\\\/#breadcrumb\",\"itemListElement\":[{\"@type\":\"ListItem\",\"position\":1,\"name\":\"Accueil\",\"item\":\"https:\\\/\\\/www.ecocontact.eu\\\/es\\\/pagina-de-inicio\\\/\"},{\"@type\":\"ListItem\",\"position\":2,\"name\":\"Condiciones Generales de Venta\"}]},{\"@type\":\"WebSite\",\"@id\":\"https:\\\/\\\/www.ecocontact.eu\\\/#website\",\"url\":\"https:\\\/\\\/www.ecocontact.eu\\\/\",\"name\":\"Ecocontact\",\"description\":\"Solution simple et efficace contre les pertes \u00e9nerg\u00e9tiques dans les contacts \u00e9lectriques\",\"publisher\":{\"@id\":\"https:\\\/\\\/www.ecocontact.eu\\\/#organization\"},\"potentialAction\":[{\"@type\":\"SearchAction\",\"target\":{\"@type\":\"EntryPoint\",\"urlTemplate\":\"https:\\\/\\\/www.ecocontact.eu\\\/?s={search_term_string}\"},\"query-input\":{\"@type\":\"PropertyValueSpecification\",\"valueRequired\":true,\"valueName\":\"search_term_string\"}}],\"inLanguage\":\"es\"},{\"@type\":\"Organization\",\"@id\":\"https:\\\/\\\/www.ecocontact.eu\\\/#organization\",\"name\":\"Ecocontact\",\"url\":\"https:\\\/\\\/www.ecocontact.eu\\\/\",\"logo\":{\"@type\":\"ImageObject\",\"inLanguage\":\"es\",\"@id\":\"https:\\\/\\\/www.ecocontact.eu\\\/#\\\/schema\\\/logo\\\/image\\\/\",\"url\":\"https:\\\/\\\/www.ecocontact.eu\\\/wp-content\\\/uploads\\\/2024\\\/07\\\/EcoContact.jpg\",\"contentUrl\":\"https:\\\/\\\/www.ecocontact.eu\\\/wp-content\\\/uploads\\\/2024\\\/07\\\/EcoContact.jpg\",\"width\":696,\"height\":696,\"caption\":\"Ecocontact\"},\"image\":{\"@id\":\"https:\\\/\\\/www.ecocontact.eu\\\/#\\\/schema\\\/logo\\\/image\\\/\"},\"sameAs\":[\"https:\\\/\\\/www.facebook.com\\\/ecocontactsolutions\\\/\",\"https:\\\/\\\/www.instagram.com\\\/amc.groupe\"],\"description\":\"Ecocontact\u00ae est une solution innovante d\u00e9velopp\u00e9e par AMC, sp\u00e9cialiste dans la conception et la fabrication de composants pour circuits \u00e9lectro-intensifs. Ce produit de pointe assure des connexions \u00e9lectriques fiables et performantes, r\u00e9duisant les pertes \u00e9nerg\u00e9tiques et am\u00e9liorant l'efficacit\u00e9 de vos installations. Fort de plus de 20 ans d'expertise et de 40 brevets actifs, le groupe AMC propose Ecocontact\u00ae pour r\u00e9pondre aux exigences des secteurs de l'\u00e9nergie, de l'industrie et des infrastructures. D\u00e9couvrez comment Ecocontact\u00ae peut optimiser et transformer vos op\u00e9rations avec des solutions sur mesure, sans n\u00e9cessit\u00e9 de maintenance, des d\u00e9lais de livraison rapides et une fabrication 100% fran\u00e7aise.\",\"telephone\":\"+33(0)493902626\",\"legalName\":\"AMC Ecocontact\"}]}<\/script>\n<!-- \/ Yoast SEO Premium plugin. -->","yoast_head_json":{"title":"Condiciones Generales de Venta - Ecocontact","robots":{"index":"index","follow":"follow","max-snippet":"max-snippet:-1","max-image-preview":"max-image-preview:large","max-video-preview":"max-video-preview:-1"},"canonical":"https:\/\/www.ecocontact.eu\/es\/condiciones-generales-de-venta\/","og_locale":"es_ES","og_type":"article","og_title":"Condiciones Generales de Venta","og_description":"Art\u00edculo 1\u2013 Objeto Las presentes condiciones regulan las ventas realizadas por la sociedad AMC ETEC situada en el 37 Avenue des Arlucs, 06150 Cannes, propietario del sitio web ecocontact.eu. Art\u00edculo 2\u2013 Precio Los precios de nuestros productos se indican en euros sin impuestos, salvo indicaci\u00f3n en contrario y excluyendo los costes de tratamiento y env\u00edo. [&hellip;]","og_url":"https:\/\/www.ecocontact.eu\/es\/condiciones-generales-de-venta\/","og_site_name":"Ecocontact","article_publisher":"https:\/\/www.facebook.com\/ecocontactsolutions\/","article_modified_time":"2018-07-18T08:24:21+00:00","og_image":[{"width":1200,"height":675,"url":"https:\/\/www.ecocontact.eu\/wp-content\/uploads\/2024\/07\/ecocontact-ban.jpg","type":"image\/jpeg"}],"twitter_card":"summary_large_image","twitter_misc":{"Tiempo de lectura":"4 minutos"},"schema":{"@context":"https:\/\/schema.org","@graph":[{"@type":"WebPage","@id":"https:\/\/www.ecocontact.eu\/es\/condiciones-generales-de-venta\/","url":"https:\/\/www.ecocontact.eu\/es\/condiciones-generales-de-venta\/","name":"Condiciones Generales de Venta - Ecocontact","isPartOf":{"@id":"https:\/\/www.ecocontact.eu\/#website"},"datePublished":"2018-04-17T12:53:52+00:00","dateModified":"2018-07-18T08:24:21+00:00","breadcrumb":{"@id":"https:\/\/www.ecocontact.eu\/es\/condiciones-generales-de-venta\/#breadcrumb"},"inLanguage":"es","potentialAction":[{"@type":"ReadAction","target":["https:\/\/www.ecocontact.eu\/es\/condiciones-generales-de-venta\/"]}]},{"@type":"BreadcrumbList","@id":"https:\/\/www.ecocontact.eu\/es\/condiciones-generales-de-venta\/#breadcrumb","itemListElement":[{"@type":"ListItem","position":1,"name":"Accueil","item":"https:\/\/www.ecocontact.eu\/es\/pagina-de-inicio\/"},{"@type":"ListItem","position":2,"name":"Condiciones Generales de Venta"}]},{"@type":"WebSite","@id":"https:\/\/www.ecocontact.eu\/#website","url":"https:\/\/www.ecocontact.eu\/","name":"Ecocontact","description":"Solution simple et efficace contre les pertes \u00e9nerg\u00e9tiques dans les contacts \u00e9lectriques","publisher":{"@id":"https:\/\/www.ecocontact.eu\/#organization"},"potentialAction":[{"@type":"SearchAction","target":{"@type":"EntryPoint","urlTemplate":"https:\/\/www.ecocontact.eu\/?s={search_term_string}"},"query-input":{"@type":"PropertyValueSpecification","valueRequired":true,"valueName":"search_term_string"}}],"inLanguage":"es"},{"@type":"Organization","@id":"https:\/\/www.ecocontact.eu\/#organization","name":"Ecocontact","url":"https:\/\/www.ecocontact.eu\/","logo":{"@type":"ImageObject","inLanguage":"es","@id":"https:\/\/www.ecocontact.eu\/#\/schema\/logo\/image\/","url":"https:\/\/www.ecocontact.eu\/wp-content\/uploads\/2024\/07\/EcoContact.jpg","contentUrl":"https:\/\/www.ecocontact.eu\/wp-content\/uploads\/2024\/07\/EcoContact.jpg","width":696,"height":696,"caption":"Ecocontact"},"image":{"@id":"https:\/\/www.ecocontact.eu\/#\/schema\/logo\/image\/"},"sameAs":["https:\/\/www.facebook.com\/ecocontactsolutions\/","https:\/\/www.instagram.com\/amc.groupe"],"description":"Ecocontact\u00ae est une solution innovante d\u00e9velopp\u00e9e par AMC, sp\u00e9cialiste dans la conception et la fabrication de composants pour circuits \u00e9lectro-intensifs. Ce produit de pointe assure des connexions \u00e9lectriques fiables et performantes, r\u00e9duisant les pertes \u00e9nerg\u00e9tiques et am\u00e9liorant l'efficacit\u00e9 de vos installations. Fort de plus de 20 ans d'expertise et de 40 brevets actifs, le groupe AMC propose Ecocontact\u00ae pour r\u00e9pondre aux exigences des secteurs de l'\u00e9nergie, de l'industrie et des infrastructures. D\u00e9couvrez comment Ecocontact\u00ae peut optimiser et transformer vos op\u00e9rations avec des solutions sur mesure, sans n\u00e9cessit\u00e9 de maintenance, des d\u00e9lais de livraison rapides et une fabrication 100% fran\u00e7aise.","telephone":"+33(0)493902626","legalName":"AMC Ecocontact"}]}},"jetpack_sharing_enabled":true,"jetpack_shortlink":"https:\/\/wp.me\/Pa9Tsk-k2","_links":{"self":[{"href":"https:\/\/www.ecocontact.eu\/es\/wp-json\/wp\/v2\/pages\/1242","targetHints":{"allow":["GET"]}}],"collection":[{"href":"https:\/\/www.ecocontact.eu\/es\/wp-json\/wp\/v2\/pages"}],"about":[{"href":"https:\/\/www.ecocontact.eu\/es\/wp-json\/wp\/v2\/types\/page"}],"author":[{"embeddable":true,"href":"https:\/\/www.ecocontact.eu\/es\/wp-json\/wp\/v2\/users\/1"}],"replies":[{"embeddable":true,"href":"https:\/\/www.ecocontact.eu\/es\/wp-json\/wp\/v2\/comments?post=1242"}],"version-history":[{"count":0,"href":"https:\/\/www.ecocontact.eu\/es\/wp-json\/wp\/v2\/pages\/1242\/revisions"}],"wp:attachment":[{"href":"https:\/\/www.ecocontact.eu\/es\/wp-json\/wp\/v2\/media?parent=1242"}],"curies":[{"name":"wp","href":"https:\/\/api.w.org\/{rel}","templated":true}]}}