{"id":1239,"date":"2018-04-17T13:00:41","date_gmt":"2018-04-17T13:00:41","guid":{"rendered":"https:\/\/www.ecocontact.eu\/creation-site-internet-frejus\/"},"modified":"2018-04-17T13:00:41","modified_gmt":"2018-04-17T13:00:41","slug":"creation-site-internet-frejus","status":"publish","type":"page","link":"https:\/\/www.ecocontact.eu\/es\/creation-site-internet-frejus\/","title":{"rendered":"Cr\u00e9ation site internet Fr\u00e9jus"},"content":{"rendered":"<section  class='av_textblock_section av-av_textblock-2de302bf1aa3cf4c9157dbe6f50ac7eb '   itemscope=\"itemscope\" itemtype=\"https:\/\/schema.org\/CreativeWork\" ><div class='avia_textblock'  itemprop=\"text\" ><h1>Agence de cr\u00e9ation de site internet \u00e0 Fr\u00e9jus<\/h1>\n<h2>L&#8217;agence de communication AMBRA dans le Var<\/h2>\n<p>Pour tous besoins en communication visuelle tous supports, n&#8217;h\u00e9sitez pas \u00e0 nous contacter. Nous nous d\u00e9pla\u00e7ons dans le Var et les Alpes Maritimes.<\/p>\n<\/div><\/section>\n\n<style type=\"text\/css\" data-created_by=\"avia_inline_auto\" id=\"style-css-av-av_image-dbe588079d1fe8abc189abb5942df822\">\n.avia-image-container.av-av_image-dbe588079d1fe8abc189abb5942df822 img.avia_image{\nbox-shadow:none;\n}\n.avia-image-container.av-av_image-dbe588079d1fe8abc189abb5942df822 .av-image-caption-overlay-center{\ncolor:#ffffff;\n}\n<\/style>\n<div  class='avia-image-container av-av_image-dbe588079d1fe8abc189abb5942df822 av-styling- avia-align-center  avia-builder-el-1  el_after_av_textblock  el_before_av_one_half '   itemprop=\"image\" itemscope=\"itemscope\" itemtype=\"https:\/\/schema.org\/ImageObject\" ><div class=\"avia-image-container-inner\"><div class=\"avia-image-overlay-wrap\"><img decoding=\"async\" class='wp-image-1240 avia-img-lazy-loading-not-1240 avia_image ' src=\"https:\/\/www.ecocontact.eu\/wp-content\/uploads\/2018\/04\/idee-croquer.jpg\" alt='' title='idee-croquer'  height=\"340\" width=\"834\"  itemprop=\"thumbnailUrl\" srcset=\"https:\/\/www.ecocontact.eu\/wp-content\/uploads\/2018\/04\/idee-croquer.jpg 834w, https:\/\/www.ecocontact.eu\/wp-content\/uploads\/2018\/04\/idee-croquer-300x122.jpg 300w, https:\/\/www.ecocontact.eu\/wp-content\/uploads\/2018\/04\/idee-croquer-768x313.jpg 768w, https:\/\/www.ecocontact.eu\/wp-content\/uploads\/2018\/04\/idee-croquer-705x287.jpg 705w, https:\/\/www.ecocontact.eu\/wp-content\/uploads\/2018\/04\/idee-croquer-600x245.jpg 600w\" sizes=\"(max-width: 834px) 100vw, 834px\" \/><\/div><\/div><\/div>\n\n<style type=\"text\/css\" data-created_by=\"avia_inline_auto\" id=\"style-css-av-av_one_half-15d750bd1b332b34c6e70b077ebbccdf\">\n.flex_column.av-av_one_half-15d750bd1b332b34c6e70b077ebbccdf{\nborder-radius:0px 0px 0px 0px;\npadding:0px 0px 0px 0px;\n}\n<\/style>\n<div  class='flex_column av-av_one_half-15d750bd1b332b34c6e70b077ebbccdf av_one_half  avia-builder-el-2  el_after_av_image  el_before_av_one_half  first flex_column_div av-zero-column-padding  '     ><style type=\"text\/css\" data-created_by=\"avia_inline_auto\" id=\"style-css-av-av_image-4d7008a8fac199d68c2c114a4986bfcd\">\n.avia-image-container.av-av_image-4d7008a8fac199d68c2c114a4986bfcd img.avia_image{\nbox-shadow:none;\n}\n.avia-image-container.av-av_image-4d7008a8fac199d68c2c114a4986bfcd .av-image-caption-overlay-center{\ncolor:#ffffff;\n}\n<\/style>\n<div  class='avia-image-container av-av_image-4d7008a8fac199d68c2c114a4986bfcd av-styling- avia-align-center  avia-builder-el-3  avia-builder-el-no-sibling '   itemprop=\"image\" itemscope=\"itemscope\" itemtype=\"https:\/\/schema.org\/ImageObject\" ><div class=\"avia-image-container-inner\"><div class=\"avia-image-overlay-wrap\"><img decoding=\"async\" class='wp-image-1720 avia-img-lazy-loading-not-1720 avia_image ' src=\"https:\/\/www.ecocontact.eu\/wp-content\/uploads\/2018\/04\/terres-destel-st-raphael.jpg\" alt='' title='terres-destel-st-raphael'  height=\"501\" width=\"720\"  itemprop=\"thumbnailUrl\" srcset=\"https:\/\/www.ecocontact.eu\/wp-content\/uploads\/2018\/04\/terres-destel-st-raphael.jpg 720w, https:\/\/www.ecocontact.eu\/wp-content\/uploads\/2018\/04\/terres-destel-st-raphael-300x209.jpg 300w, https:\/\/www.ecocontact.eu\/wp-content\/uploads\/2018\/04\/terres-destel-st-raphael-705x491.jpg 705w, https:\/\/www.ecocontact.eu\/wp-content\/uploads\/2018\/04\/terres-destel-st-raphael-600x418.jpg 600w\" sizes=\"(max-width: 720px) 100vw, 720px\" \/><\/div><\/div><\/div><\/div>\n\n<style type=\"text\/css\" data-created_by=\"avia_inline_auto\" id=\"style-css-av-av_one_half-c8fc129dc35fd1ae2a1e410224d39ea8\">\n.flex_column.av-av_one_half-c8fc129dc35fd1ae2a1e410224d39ea8{\nborder-radius:0px 0px 0px 0px;\npadding:0px 0px 0px 0px;\n}\n<\/style>\n<div  class='flex_column av-av_one_half-c8fc129dc35fd1ae2a1e410224d39ea8 av_one_half  avia-builder-el-4  el_after_av_one_half  avia-builder-el-last  flex_column_div av-zero-column-padding  '     ><p><section  class='av_textblock_section av-av_textblock-2de302bf1aa3cf4c9157dbe6f50ac7eb '   itemscope=\"itemscope\" itemtype=\"https:\/\/schema.org\/CreativeWork\" ><div class='avia_textblock'  itemprop=\"text\" ><p>Il vous faut une image professionnel \u00e0 votre hauteur, que ce soit un <a href=\"https:\/\/www.ambra.fr\/site-internet\/site-e-commerce.html\" target=\"_blank\" rel=\"noopener\">site e-commerce<\/a> ou un site internet de pr\u00e9sentation de votre soci\u00e9t\u00e9.<\/p>\n<p>Notre Agence de communication <a href=\"https:\/\/www.ambra.fr\">AMBRA<\/a> cr\u00e9e pour vous le site internet dont vous avez besoin. Bas\u00e9 sur Fr\u00e9jus et Saint-Rapha\u00ebl nous vous accompagnerons au mieux dans votre d\u00e9marche de cr\u00e9ation ou d&#8217;am\u00e9lioration de votre site web.<\/p>\n<\/div><\/section><br \/>\n<div  class='hr av-av_hr-0ff602b3e980a3377077ff3c1c834df6 hr-default  avia-builder-el-6  el_after_av_textblock  el_before_av_textblock '><span class='hr-inner '><span class=\"hr-inner-style\"><\/span><\/span><\/div><br \/>\n<section  class='av_textblock_section av-av_textblock-2de302bf1aa3cf4c9157dbe6f50ac7eb '   itemscope=\"itemscope\" itemtype=\"https:\/\/schema.org\/CreativeWork\" ><div class='avia_textblock'  itemprop=\"text\" ><h2>Agence de communication AMBRA<\/h2>\n<p>48 All\u00e9e du Z\u00e9nith<br \/>\n83600 Fr\u00e9jus<\/p>\n<p>T\u00e9l : 04.94.40.01.08<\/p>\n<\/div><\/section><br \/>\n<div  class='avia-button-wrap av-av_button-bf897829cadd7ae94ab0ddc116de61d0-wrap avia-button-left  avia-builder-el-8  el_after_av_textblock  avia-builder-el-last '><a href='https:\/\/www.ambra.fr\/contact.html'  class='avia-button av-av_button-bf897829cadd7ae94ab0ddc116de61d0 avia-icon_select-no avia-size-large avia-position-left avia-color-theme-color'  ><span class='avia_iconbox_title' >Nous contactez maintenant<\/span><\/a><\/div><\/p><\/div>\n","protected":false},"excerpt":{"rendered":"","protected":false},"author":1,"featured_media":0,"parent":0,"menu_order":0,"comment_status":"closed","ping_status":"closed","template":"","meta":{"footnotes":""},"class_list":["post-1239","page","type-page","status-publish","hentry"],"yoast_head":"<!-- This site is optimized with the Yoast SEO Premium plugin v23.5 (Yoast SEO v27.4) - https:\/\/yoast.com\/product\/yoast-seo-premium-wordpress\/ -->\n<title>Cr\u00e9ation site internet Fr\u00e9jus - Ecocontact<\/title>\n<meta name=\"robots\" content=\"index, follow, max-snippet:-1, max-image-preview:large, max-video-preview:-1\" \/>\n<link rel=\"canonical\" href=\"https:\/\/www.ecocontact.eu\/es\/creation-site-internet-frejus\/\" \/>\n<meta property=\"og:locale\" content=\"es_ES\" \/>\n<meta property=\"og:type\" content=\"article\" \/>\n<meta property=\"og:title\" content=\"Cr\u00e9ation site internet Fr\u00e9jus\" \/>\n<meta property=\"og:url\" content=\"https:\/\/www.ecocontact.eu\/es\/creation-site-internet-frejus\/\" \/>\n<meta property=\"og:site_name\" content=\"Ecocontact\" \/>\n<meta property=\"article:publisher\" content=\"https:\/\/www.facebook.com\/ecocontactsolutions\/\" \/>\n<meta property=\"og:image\" content=\"https:\/\/www.ecocontact.eu\/wp-content\/uploads\/2024\/07\/ecocontact-ban.jpg\" \/>\n\t<meta property=\"og:image:width\" content=\"1200\" \/>\n\t<meta property=\"og:image:height\" content=\"675\" \/>\n\t<meta property=\"og:image:type\" content=\"image\/jpeg\" \/>\n<meta name=\"twitter:card\" content=\"summary_large_image\" \/>\n<meta name=\"twitter:label1\" content=\"Tiempo de lectura\" \/>\n\t<meta name=\"twitter:data1\" content=\"2 minutos\" \/>\n<script type=\"application\/ld+json\" class=\"yoast-schema-graph\">{\"@context\":\"https:\\\/\\\/schema.org\",\"@graph\":[{\"@type\":\"WebPage\",\"@id\":\"https:\\\/\\\/www.ecocontact.eu\\\/es\\\/creation-site-internet-frejus\\\/\",\"url\":\"https:\\\/\\\/www.ecocontact.eu\\\/es\\\/creation-site-internet-frejus\\\/\",\"name\":\"Cr\u00e9ation site internet Fr\u00e9jus - Ecocontact\",\"isPartOf\":{\"@id\":\"https:\\\/\\\/www.ecocontact.eu\\\/#website\"},\"datePublished\":\"2018-04-17T13:00:41+00:00\",\"breadcrumb\":{\"@id\":\"https:\\\/\\\/www.ecocontact.eu\\\/es\\\/creation-site-internet-frejus\\\/#breadcrumb\"},\"inLanguage\":\"es\",\"potentialAction\":[{\"@type\":\"ReadAction\",\"target\":[\"https:\\\/\\\/www.ecocontact.eu\\\/es\\\/creation-site-internet-frejus\\\/\"]}]},{\"@type\":\"BreadcrumbList\",\"@id\":\"https:\\\/\\\/www.ecocontact.eu\\\/es\\\/creation-site-internet-frejus\\\/#breadcrumb\",\"itemListElement\":[{\"@type\":\"ListItem\",\"position\":1,\"name\":\"Accueil\",\"item\":\"https:\\\/\\\/www.ecocontact.eu\\\/es\\\/pagina-de-inicio\\\/\"},{\"@type\":\"ListItem\",\"position\":2,\"name\":\"Cr\u00e9ation site internet Fr\u00e9jus\"}]},{\"@type\":\"WebSite\",\"@id\":\"https:\\\/\\\/www.ecocontact.eu\\\/#website\",\"url\":\"https:\\\/\\\/www.ecocontact.eu\\\/\",\"name\":\"Ecocontact\",\"description\":\"Solution simple et efficace contre les pertes \u00e9nerg\u00e9tiques dans les contacts \u00e9lectriques\",\"publisher\":{\"@id\":\"https:\\\/\\\/www.ecocontact.eu\\\/#organization\"},\"potentialAction\":[{\"@type\":\"SearchAction\",\"target\":{\"@type\":\"EntryPoint\",\"urlTemplate\":\"https:\\\/\\\/www.ecocontact.eu\\\/?s={search_term_string}\"},\"query-input\":{\"@type\":\"PropertyValueSpecification\",\"valueRequired\":true,\"valueName\":\"search_term_string\"}}],\"inLanguage\":\"es\"},{\"@type\":\"Organization\",\"@id\":\"https:\\\/\\\/www.ecocontact.eu\\\/#organization\",\"name\":\"Ecocontact\",\"url\":\"https:\\\/\\\/www.ecocontact.eu\\\/\",\"logo\":{\"@type\":\"ImageObject\",\"inLanguage\":\"es\",\"@id\":\"https:\\\/\\\/www.ecocontact.eu\\\/#\\\/schema\\\/logo\\\/image\\\/\",\"url\":\"https:\\\/\\\/www.ecocontact.eu\\\/wp-content\\\/uploads\\\/2024\\\/07\\\/EcoContact.jpg\",\"contentUrl\":\"https:\\\/\\\/www.ecocontact.eu\\\/wp-content\\\/uploads\\\/2024\\\/07\\\/EcoContact.jpg\",\"width\":696,\"height\":696,\"caption\":\"Ecocontact\"},\"image\":{\"@id\":\"https:\\\/\\\/www.ecocontact.eu\\\/#\\\/schema\\\/logo\\\/image\\\/\"},\"sameAs\":[\"https:\\\/\\\/www.facebook.com\\\/ecocontactsolutions\\\/\",\"https:\\\/\\\/www.instagram.com\\\/amc.groupe\"],\"description\":\"Ecocontact\u00ae est une solution innovante d\u00e9velopp\u00e9e par AMC, sp\u00e9cialiste dans la conception et la fabrication de composants pour circuits \u00e9lectro-intensifs. Ce produit de pointe assure des connexions \u00e9lectriques fiables et performantes, r\u00e9duisant les pertes \u00e9nerg\u00e9tiques et am\u00e9liorant l'efficacit\u00e9 de vos installations. Fort de plus de 20 ans d'expertise et de 40 brevets actifs, le groupe AMC propose Ecocontact\u00ae pour r\u00e9pondre aux exigences des secteurs de l'\u00e9nergie, de l'industrie et des infrastructures. D\u00e9couvrez comment Ecocontact\u00ae peut optimiser et transformer vos op\u00e9rations avec des solutions sur mesure, sans n\u00e9cessit\u00e9 de maintenance, des d\u00e9lais de livraison rapides et une fabrication 100% fran\u00e7aise.\",\"telephone\":\"+33(0)493902626\",\"legalName\":\"AMC Ecocontact\"}]}<\/script>\n<!-- \/ Yoast SEO Premium plugin. -->","yoast_head_json":{"title":"Cr\u00e9ation site internet Fr\u00e9jus - Ecocontact","robots":{"index":"index","follow":"follow","max-snippet":"max-snippet:-1","max-image-preview":"max-image-preview:large","max-video-preview":"max-video-preview:-1"},"canonical":"https:\/\/www.ecocontact.eu\/es\/creation-site-internet-frejus\/","og_locale":"es_ES","og_type":"article","og_title":"Cr\u00e9ation site internet Fr\u00e9jus","og_url":"https:\/\/www.ecocontact.eu\/es\/creation-site-internet-frejus\/","og_site_name":"Ecocontact","article_publisher":"https:\/\/www.facebook.com\/ecocontactsolutions\/","og_image":[{"width":1200,"height":675,"url":"https:\/\/www.ecocontact.eu\/wp-content\/uploads\/2024\/07\/ecocontact-ban.jpg","type":"image\/jpeg"}],"twitter_card":"summary_large_image","twitter_misc":{"Tiempo de lectura":"2 minutos"},"schema":{"@context":"https:\/\/schema.org","@graph":[{"@type":"WebPage","@id":"https:\/\/www.ecocontact.eu\/es\/creation-site-internet-frejus\/","url":"https:\/\/www.ecocontact.eu\/es\/creation-site-internet-frejus\/","name":"Cr\u00e9ation site internet Fr\u00e9jus - Ecocontact","isPartOf":{"@id":"https:\/\/www.ecocontact.eu\/#website"},"datePublished":"2018-04-17T13:00:41+00:00","breadcrumb":{"@id":"https:\/\/www.ecocontact.eu\/es\/creation-site-internet-frejus\/#breadcrumb"},"inLanguage":"es","potentialAction":[{"@type":"ReadAction","target":["https:\/\/www.ecocontact.eu\/es\/creation-site-internet-frejus\/"]}]},{"@type":"BreadcrumbList","@id":"https:\/\/www.ecocontact.eu\/es\/creation-site-internet-frejus\/#breadcrumb","itemListElement":[{"@type":"ListItem","position":1,"name":"Accueil","item":"https:\/\/www.ecocontact.eu\/es\/pagina-de-inicio\/"},{"@type":"ListItem","position":2,"name":"Cr\u00e9ation site internet Fr\u00e9jus"}]},{"@type":"WebSite","@id":"https:\/\/www.ecocontact.eu\/#website","url":"https:\/\/www.ecocontact.eu\/","name":"Ecocontact","description":"Solution simple et efficace contre les pertes \u00e9nerg\u00e9tiques dans les contacts \u00e9lectriques","publisher":{"@id":"https:\/\/www.ecocontact.eu\/#organization"},"potentialAction":[{"@type":"SearchAction","target":{"@type":"EntryPoint","urlTemplate":"https:\/\/www.ecocontact.eu\/?s={search_term_string}"},"query-input":{"@type":"PropertyValueSpecification","valueRequired":true,"valueName":"search_term_string"}}],"inLanguage":"es"},{"@type":"Organization","@id":"https:\/\/www.ecocontact.eu\/#organization","name":"Ecocontact","url":"https:\/\/www.ecocontact.eu\/","logo":{"@type":"ImageObject","inLanguage":"es","@id":"https:\/\/www.ecocontact.eu\/#\/schema\/logo\/image\/","url":"https:\/\/www.ecocontact.eu\/wp-content\/uploads\/2024\/07\/EcoContact.jpg","contentUrl":"https:\/\/www.ecocontact.eu\/wp-content\/uploads\/2024\/07\/EcoContact.jpg","width":696,"height":696,"caption":"Ecocontact"},"image":{"@id":"https:\/\/www.ecocontact.eu\/#\/schema\/logo\/image\/"},"sameAs":["https:\/\/www.facebook.com\/ecocontactsolutions\/","https:\/\/www.instagram.com\/amc.groupe"],"description":"Ecocontact\u00ae est une solution innovante d\u00e9velopp\u00e9e par AMC, sp\u00e9cialiste dans la conception et la fabrication de composants pour circuits \u00e9lectro-intensifs. Ce produit de pointe assure des connexions \u00e9lectriques fiables et performantes, r\u00e9duisant les pertes \u00e9nerg\u00e9tiques et am\u00e9liorant l'efficacit\u00e9 de vos installations. Fort de plus de 20 ans d'expertise et de 40 brevets actifs, le groupe AMC propose Ecocontact\u00ae pour r\u00e9pondre aux exigences des secteurs de l'\u00e9nergie, de l'industrie et des infrastructures. D\u00e9couvrez comment Ecocontact\u00ae peut optimiser et transformer vos op\u00e9rations avec des solutions sur mesure, sans n\u00e9cessit\u00e9 de maintenance, des d\u00e9lais de livraison rapides et une fabrication 100% fran\u00e7aise.","telephone":"+33(0)493902626","legalName":"AMC Ecocontact"}]}},"jetpack_sharing_enabled":true,"jetpack_shortlink":"https:\/\/wp.me\/Pa9Tsk-jZ","_links":{"self":[{"href":"https:\/\/www.ecocontact.eu\/es\/wp-json\/wp\/v2\/pages\/1239","targetHints":{"allow":["GET"]}}],"collection":[{"href":"https:\/\/www.ecocontact.eu\/es\/wp-json\/wp\/v2\/pages"}],"about":[{"href":"https:\/\/www.ecocontact.eu\/es\/wp-json\/wp\/v2\/types\/page"}],"author":[{"embeddable":true,"href":"https:\/\/www.ecocontact.eu\/es\/wp-json\/wp\/v2\/users\/1"}],"replies":[{"embeddable":true,"href":"https:\/\/www.ecocontact.eu\/es\/wp-json\/wp\/v2\/comments?post=1239"}],"version-history":[{"count":0,"href":"https:\/\/www.ecocontact.eu\/es\/wp-json\/wp\/v2\/pages\/1239\/revisions"}],"wp:attachment":[{"href":"https:\/\/www.ecocontact.eu\/es\/wp-json\/wp\/v2\/media?parent=1239"}],"curies":[{"name":"wp","href":"https:\/\/api.w.org\/{rel}","templated":true}]}}