{"id":1243,"date":"2018-04-17T12:53:22","date_gmt":"2018-04-17T12:53:22","guid":{"rendered":"https:\/\/www.ecocontact.eu\/mentions-legales\/"},"modified":"2024-07-08T13:19:20","modified_gmt":"2024-07-08T13:19:20","slug":"legal-mentions","status":"publish","type":"page","link":"https:\/\/www.ecocontact.eu\/en\/legal-mentions\/","title":{"rendered":"Legal mentions"},"content":{"rendered":"<h3>1. Legal Mentions<\/h3>\n<p>AMC<br \/>\n683, rue Isaac Newton, Technoparc EPSILON 1<br \/>\n83700 Saint-Rapha\u00ebl<br \/>\nTel : +00 33 4 93 90 26 26<br \/>\n<a title=\"Ecocontact\" href=\"http:\/\/www.ecocontact.eu\/en\/quote-contact\">Contact us<\/a><\/p>\n<h3>Intellectual property<\/h3>\n<p>All contents published on ecocontact.eu (graphics, texts, wordings, trademarks, images, videos) are the property of AMC, its co-contractors or partners. Any full or partial reproduction of the content of this website, in any form or by any means shall be subjet to AMC Eprior authorisation. All information, content, file or software available on ecocontact.eu is protected by the French and international laws regarding intellectual property and copyright.<\/p>\n<p>Any reproduction, representation, copy, display or distribution and the content is not authorized by AMC if the user of Ecocontact\u00ae has no property rights. Using contents without authorisation is a fraud to AMC rights and\/or may constitute copyright infringement, severely punished by the Intellectual property Code. In no event shall AMC be liable for and party&#8217;s rights violation of ecocontact.eu users who would perpetrate the violation through its activity on ecocontact.eu<\/p>\n<h3>Cookies<\/h3>\n<h4>Cookies policy<\/h4>\n<p>During ecocontact.eu consultation, cookies are stored on your computer, mobile phone or tablet. Ecocontact.eu is sensitive to the needs and expectations of our readers. This is the reason why we use cookies, so that you can login and access your account for example. This page gives you a better understanding of cookie settings and how they work.<\/p>\n<h4>Definition of a cookie<\/h4>\n<p>A cookie is a small text file stored on your computer, tablet or mobile phone that makes it possible to save and track data about your use of the website, your accessed advertisings and to lead you to the appropriate services adapted to your communication terminal. Cookies are managed by your Internet browser.<\/p>\n<h4>The different cookies on our website:<\/h4>\n<ul>\n<li>Ecocontact.eu cookies: cookies are set on your terminal in order to answer and optimize your search on our website.<\/li>\n<li>Third-party cookies: These are set by other companies to find out your interests and possibly expend the advertising offer on or outside our website. Cookies can be left when browsing our website or clicking on ads. In the context of our partnerships, we particularly care about their strict accordance to the modified Data Protection Act of January 6th, 1978 and also ensure that the appropriate security and data confidentiality protection are implemented.<\/li>\n<\/ul>\n<h4>Managing your cookie preferences<\/h4>\n<p>You can easily disable and\/or delete cookies from your computer, tablet or mobile phone by managing your browser settings.<br \/>\nWe recommend not to disable cookies strictly necessary for the website to function. This would prevent you from ordering online and enjoying the services of ecocontact.eu.<br \/>\nIn order to manage cookies to best suit your needs, please bear in mind the purpose of cookies when setting your browser. Please find below instructions about managing and disabling cookies, depending on your browser:<\/p>\n<ul>\n<li>Internet Explorer: go to the \u201cTools\u201d menu, then \u201cInternet Options\u201d, click on \u201cConfidentiality\u201d, then click on \u201cAdvanced\u201d. In the \u201cCookies\u201d window, select your preferences.<\/li>\n<li>Firefox: go to the \u201cTools\u201d then \u201cOptions\u201d menu (for Windows) and \u201cPreferences\u201d (for Mac), click on the \u201cPrivacy\u201d settings, select \u201cUse custom settings for history\u201d and select your preferred option(s) on the \u201cAccept cookies from sites\u201d section.<\/li>\n<li>Safari: click on \u201cSafari\u201d, then \u201cPreferences\u201d, click on the \u201cPrivacy tab\u201d, go to \u201cBlock cookies\u201d and select your preferred option(s).<\/li>\n<li>Google Chrome: click the Chrome menu, the upper right button, select \u201cSettings\u201d then click on \u201cShow advanced settings\u201d and in the \u201cPrivacy\u201d section, click the \u201cContent settings\u201d button. Then select your preferred option(s) in the \u201cCookies\u201d section.<\/li>\n<\/ul>\n<h3>Comments, critics &amp; communication<\/h3>\n<p>According to the moderation rules, comments left by the users on the ecocontact.eu webpages are proofread and moderate by AMC before their publication on the website. If the ecocontact.eu users proposed comments break the law or the ethic (abusive advertising, defamatory statement, insults, outside context comments etc.) and\/or are in conflict with the editorial politic of ecocontact.eu, AMC reserves the discretionary right to refuse or to modify the related comment.<\/p>\n<h3>Personal data<\/h3>\n<p>By registering on ecocontact.eu (in particular for an account opening or by subscribing to ecocontact.eu\u2019s available services), the user commits to providing complete, correct and honest information. The communication of false information is against the present general terms as well as in the conditions of use. In accordance with the provisions of French law no.78-17 dated 6 January 1978 relating to Information Technology, Files and Civil Liberties, the automated processing of personal data carried out using this Internet website is subject to a declaration to the CNIL, the French Data Protection Authority, under the number 1999682. Only AMC\u00a0 is holder of information that you communicate to them. You can exercise you rights of access, rectification, cancellation and infringe on its treatment at any time. You can ask to no longer receive these e-mails by clicking on the specified link, which appears at the bottom of each email sent by ecocontact.eu<\/p>\n","protected":false},"excerpt":{"rendered":"<p>1. Legal Mentions AMC 683, rue Isaac Newton, Technoparc EPSILON 1 83700 Saint-Rapha\u00ebl Tel : +00 33 4 93 90 26 26 Contact us Intellectual property All contents published on ecocontact.eu (graphics, texts, wordings, trademarks, images, videos) are the property of AMC, its co-contractors or partners. Any full or partial reproduction of the content of [&hellip;]<\/p>\n","protected":false},"author":1,"featured_media":0,"parent":0,"menu_order":0,"comment_status":"closed","ping_status":"closed","template":"","meta":{"footnotes":""},"class_list":["post-1243","page","type-page","status-publish","hentry"],"yoast_head":"<!-- This site is optimized with the Yoast SEO Premium plugin v23.5 (Yoast SEO v27.4) - https:\/\/yoast.com\/product\/yoast-seo-premium-wordpress\/ -->\n<title>Legal mentions - Ecocontact<\/title>\n<meta name=\"robots\" content=\"index, follow, max-snippet:-1, max-image-preview:large, max-video-preview:-1\" \/>\n<link rel=\"canonical\" href=\"https:\/\/www.ecocontact.eu\/en\/legal-mentions\/\" \/>\n<meta property=\"og:locale\" content=\"en_US\" \/>\n<meta property=\"og:type\" content=\"article\" \/>\n<meta property=\"og:title\" content=\"Legal mentions\" \/>\n<meta property=\"og:description\" content=\"1. Legal Mentions AMC 683, rue Isaac Newton, Technoparc EPSILON 1 83700 Saint-Rapha\u00ebl Tel : +00 33 4 93 90 26 26 Contact us Intellectual property All contents published on ecocontact.eu (graphics, texts, wordings, trademarks, images, videos) are the property of AMC, its co-contractors or partners. Any full or partial reproduction of the content of [&hellip;]\" \/>\n<meta property=\"og:url\" content=\"https:\/\/www.ecocontact.eu\/en\/legal-mentions\/\" \/>\n<meta property=\"og:site_name\" content=\"Ecocontact\" \/>\n<meta property=\"article:publisher\" content=\"https:\/\/www.facebook.com\/ecocontactsolutions\/\" \/>\n<meta property=\"article:modified_time\" content=\"2024-07-08T13:19:20+00:00\" \/>\n<meta property=\"og:image\" content=\"https:\/\/www.ecocontact.eu\/wp-content\/uploads\/2024\/07\/ecocontact-ban.jpg\" \/>\n\t<meta property=\"og:image:width\" content=\"1200\" \/>\n\t<meta property=\"og:image:height\" content=\"675\" \/>\n\t<meta property=\"og:image:type\" content=\"image\/jpeg\" \/>\n<meta name=\"twitter:card\" content=\"summary_large_image\" \/>\n<meta name=\"twitter:label1\" content=\"Est. reading time\" \/>\n\t<meta name=\"twitter:data1\" content=\"4 minutes\" \/>\n<script type=\"application\/ld+json\" class=\"yoast-schema-graph\">{\"@context\":\"https:\\\/\\\/schema.org\",\"@graph\":[{\"@type\":\"WebPage\",\"@id\":\"https:\\\/\\\/www.ecocontact.eu\\\/en\\\/legal-mentions\\\/\",\"url\":\"https:\\\/\\\/www.ecocontact.eu\\\/en\\\/legal-mentions\\\/\",\"name\":\"Legal mentions - Ecocontact\",\"isPartOf\":{\"@id\":\"https:\\\/\\\/www.ecocontact.eu\\\/#website\"},\"datePublished\":\"2018-04-17T12:53:22+00:00\",\"dateModified\":\"2024-07-08T13:19:20+00:00\",\"breadcrumb\":{\"@id\":\"https:\\\/\\\/www.ecocontact.eu\\\/en\\\/legal-mentions\\\/#breadcrumb\"},\"inLanguage\":\"en-US\",\"potentialAction\":[{\"@type\":\"ReadAction\",\"target\":[\"https:\\\/\\\/www.ecocontact.eu\\\/en\\\/legal-mentions\\\/\"]}]},{\"@type\":\"BreadcrumbList\",\"@id\":\"https:\\\/\\\/www.ecocontact.eu\\\/en\\\/legal-mentions\\\/#breadcrumb\",\"itemListElement\":[{\"@type\":\"ListItem\",\"position\":1,\"name\":\"Accueil\",\"item\":\"https:\\\/\\\/www.ecocontact.eu\\\/en\\\/home-2\\\/\"},{\"@type\":\"ListItem\",\"position\":2,\"name\":\"Legal mentions\"}]},{\"@type\":\"WebSite\",\"@id\":\"https:\\\/\\\/www.ecocontact.eu\\\/#website\",\"url\":\"https:\\\/\\\/www.ecocontact.eu\\\/\",\"name\":\"Ecocontact\",\"description\":\"Solution simple et efficace contre les pertes \u00e9nerg\u00e9tiques dans les contacts \u00e9lectriques\",\"publisher\":{\"@id\":\"https:\\\/\\\/www.ecocontact.eu\\\/#organization\"},\"potentialAction\":[{\"@type\":\"SearchAction\",\"target\":{\"@type\":\"EntryPoint\",\"urlTemplate\":\"https:\\\/\\\/www.ecocontact.eu\\\/?s={search_term_string}\"},\"query-input\":{\"@type\":\"PropertyValueSpecification\",\"valueRequired\":true,\"valueName\":\"search_term_string\"}}],\"inLanguage\":\"en-US\"},{\"@type\":\"Organization\",\"@id\":\"https:\\\/\\\/www.ecocontact.eu\\\/#organization\",\"name\":\"Ecocontact\",\"url\":\"https:\\\/\\\/www.ecocontact.eu\\\/\",\"logo\":{\"@type\":\"ImageObject\",\"inLanguage\":\"en-US\",\"@id\":\"https:\\\/\\\/www.ecocontact.eu\\\/#\\\/schema\\\/logo\\\/image\\\/\",\"url\":\"https:\\\/\\\/www.ecocontact.eu\\\/wp-content\\\/uploads\\\/2024\\\/07\\\/EcoContact.jpg\",\"contentUrl\":\"https:\\\/\\\/www.ecocontact.eu\\\/wp-content\\\/uploads\\\/2024\\\/07\\\/EcoContact.jpg\",\"width\":696,\"height\":696,\"caption\":\"Ecocontact\"},\"image\":{\"@id\":\"https:\\\/\\\/www.ecocontact.eu\\\/#\\\/schema\\\/logo\\\/image\\\/\"},\"sameAs\":[\"https:\\\/\\\/www.facebook.com\\\/ecocontactsolutions\\\/\",\"https:\\\/\\\/www.instagram.com\\\/amc.groupe\"],\"description\":\"Ecocontact\u00ae est une solution innovante d\u00e9velopp\u00e9e par AMC, sp\u00e9cialiste dans la conception et la fabrication de composants pour circuits \u00e9lectro-intensifs. Ce produit de pointe assure des connexions \u00e9lectriques fiables et performantes, r\u00e9duisant les pertes \u00e9nerg\u00e9tiques et am\u00e9liorant l'efficacit\u00e9 de vos installations. Fort de plus de 20 ans d'expertise et de 40 brevets actifs, le groupe AMC propose Ecocontact\u00ae pour r\u00e9pondre aux exigences des secteurs de l'\u00e9nergie, de l'industrie et des infrastructures. D\u00e9couvrez comment Ecocontact\u00ae peut optimiser et transformer vos op\u00e9rations avec des solutions sur mesure, sans n\u00e9cessit\u00e9 de maintenance, des d\u00e9lais de livraison rapides et une fabrication 100% fran\u00e7aise.\",\"telephone\":\"+33(0)493902626\",\"legalName\":\"AMC Ecocontact\"}]}<\/script>\n<!-- \/ Yoast SEO Premium plugin. -->","yoast_head_json":{"title":"Legal mentions - Ecocontact","robots":{"index":"index","follow":"follow","max-snippet":"max-snippet:-1","max-image-preview":"max-image-preview:large","max-video-preview":"max-video-preview:-1"},"canonical":"https:\/\/www.ecocontact.eu\/en\/legal-mentions\/","og_locale":"en_US","og_type":"article","og_title":"Legal mentions","og_description":"1. Legal Mentions AMC 683, rue Isaac Newton, Technoparc EPSILON 1 83700 Saint-Rapha\u00ebl Tel : +00 33 4 93 90 26 26 Contact us Intellectual property All contents published on ecocontact.eu (graphics, texts, wordings, trademarks, images, videos) are the property of AMC, its co-contractors or partners. Any full or partial reproduction of the content of [&hellip;]","og_url":"https:\/\/www.ecocontact.eu\/en\/legal-mentions\/","og_site_name":"Ecocontact","article_publisher":"https:\/\/www.facebook.com\/ecocontactsolutions\/","article_modified_time":"2024-07-08T13:19:20+00:00","og_image":[{"width":1200,"height":675,"url":"https:\/\/www.ecocontact.eu\/wp-content\/uploads\/2024\/07\/ecocontact-ban.jpg","type":"image\/jpeg"}],"twitter_card":"summary_large_image","twitter_misc":{"Est. reading time":"4 minutes"},"schema":{"@context":"https:\/\/schema.org","@graph":[{"@type":"WebPage","@id":"https:\/\/www.ecocontact.eu\/en\/legal-mentions\/","url":"https:\/\/www.ecocontact.eu\/en\/legal-mentions\/","name":"Legal mentions - Ecocontact","isPartOf":{"@id":"https:\/\/www.ecocontact.eu\/#website"},"datePublished":"2018-04-17T12:53:22+00:00","dateModified":"2024-07-08T13:19:20+00:00","breadcrumb":{"@id":"https:\/\/www.ecocontact.eu\/en\/legal-mentions\/#breadcrumb"},"inLanguage":"en-US","potentialAction":[{"@type":"ReadAction","target":["https:\/\/www.ecocontact.eu\/en\/legal-mentions\/"]}]},{"@type":"BreadcrumbList","@id":"https:\/\/www.ecocontact.eu\/en\/legal-mentions\/#breadcrumb","itemListElement":[{"@type":"ListItem","position":1,"name":"Accueil","item":"https:\/\/www.ecocontact.eu\/en\/home-2\/"},{"@type":"ListItem","position":2,"name":"Legal mentions"}]},{"@type":"WebSite","@id":"https:\/\/www.ecocontact.eu\/#website","url":"https:\/\/www.ecocontact.eu\/","name":"Ecocontact","description":"Solution simple et efficace contre les pertes \u00e9nerg\u00e9tiques dans les contacts \u00e9lectriques","publisher":{"@id":"https:\/\/www.ecocontact.eu\/#organization"},"potentialAction":[{"@type":"SearchAction","target":{"@type":"EntryPoint","urlTemplate":"https:\/\/www.ecocontact.eu\/?s={search_term_string}"},"query-input":{"@type":"PropertyValueSpecification","valueRequired":true,"valueName":"search_term_string"}}],"inLanguage":"en-US"},{"@type":"Organization","@id":"https:\/\/www.ecocontact.eu\/#organization","name":"Ecocontact","url":"https:\/\/www.ecocontact.eu\/","logo":{"@type":"ImageObject","inLanguage":"en-US","@id":"https:\/\/www.ecocontact.eu\/#\/schema\/logo\/image\/","url":"https:\/\/www.ecocontact.eu\/wp-content\/uploads\/2024\/07\/EcoContact.jpg","contentUrl":"https:\/\/www.ecocontact.eu\/wp-content\/uploads\/2024\/07\/EcoContact.jpg","width":696,"height":696,"caption":"Ecocontact"},"image":{"@id":"https:\/\/www.ecocontact.eu\/#\/schema\/logo\/image\/"},"sameAs":["https:\/\/www.facebook.com\/ecocontactsolutions\/","https:\/\/www.instagram.com\/amc.groupe"],"description":"Ecocontact\u00ae est une solution innovante d\u00e9velopp\u00e9e par AMC, sp\u00e9cialiste dans la conception et la fabrication de composants pour circuits \u00e9lectro-intensifs. Ce produit de pointe assure des connexions \u00e9lectriques fiables et performantes, r\u00e9duisant les pertes \u00e9nerg\u00e9tiques et am\u00e9liorant l'efficacit\u00e9 de vos installations. Fort de plus de 20 ans d'expertise et de 40 brevets actifs, le groupe AMC propose Ecocontact\u00ae pour r\u00e9pondre aux exigences des secteurs de l'\u00e9nergie, de l'industrie et des infrastructures. D\u00e9couvrez comment Ecocontact\u00ae peut optimiser et transformer vos op\u00e9rations avec des solutions sur mesure, sans n\u00e9cessit\u00e9 de maintenance, des d\u00e9lais de livraison rapides et une fabrication 100% fran\u00e7aise.","telephone":"+33(0)493902626","legalName":"AMC Ecocontact"}]}},"jetpack_sharing_enabled":true,"jetpack_shortlink":"https:\/\/wp.me\/Pa9Tsk-k3","_links":{"self":[{"href":"https:\/\/www.ecocontact.eu\/en\/wp-json\/wp\/v2\/pages\/1243","targetHints":{"allow":["GET"]}}],"collection":[{"href":"https:\/\/www.ecocontact.eu\/en\/wp-json\/wp\/v2\/pages"}],"about":[{"href":"https:\/\/www.ecocontact.eu\/en\/wp-json\/wp\/v2\/types\/page"}],"author":[{"embeddable":true,"href":"https:\/\/www.ecocontact.eu\/en\/wp-json\/wp\/v2\/users\/1"}],"replies":[{"embeddable":true,"href":"https:\/\/www.ecocontact.eu\/en\/wp-json\/wp\/v2\/comments?post=1243"}],"version-history":[{"count":1,"href":"https:\/\/www.ecocontact.eu\/en\/wp-json\/wp\/v2\/pages\/1243\/revisions"}],"predecessor-version":[{"id":3181,"href":"https:\/\/www.ecocontact.eu\/en\/wp-json\/wp\/v2\/pages\/1243\/revisions\/3181"}],"wp:attachment":[{"href":"https:\/\/www.ecocontact.eu\/en\/wp-json\/wp\/v2\/media?parent=1243"}],"curies":[{"name":"wp","href":"https:\/\/api.w.org\/{rel}","templated":true}]}}