{"id":1241,"date":"2018-04-17T12:53:52","date_gmt":"2018-04-17T12:53:52","guid":{"rendered":"https:\/\/www.ecocontact.eu\/conditions-generales-de-vente\/"},"modified":"2018-09-14T08:44:16","modified_gmt":"2018-09-14T08:44:16","slug":"general-conditions-of-sale","status":"publish","type":"page","link":"https:\/\/www.ecocontact.eu\/en\/general-conditions-of-sale\/","title":{"rendered":"General Conditions of Sale"},"content":{"rendered":"<h3>Article 1 \u2013 Object<\/h3>\n<p>These General Conditions of Sale govern all customer purchase orders of products and services realised by AMC ETEC company, located 37 Avenue des Arlucs, 06150 Cannes, owner of the website ecocontact.eu.<\/p>\n<h3>Article 2 \u2013 Price<\/h3>\n<p>The items prices are specified in Euro before tax, unless otherwise specification and excluding contribution to processing and shipping costs.<br \/>\nIn case of orders to other countries than metropolitan France, you are the product(s) importer. Some customs duties, local taxes, import duties or State taxes may be required. AMC ETEC Company is not liable for these rights and amounts. It is up to you and it is your sole responsibility, in terms of declaration as well as payments to the competent authorities of your country. We advise you to inquire about these aspects with your local authorities.<br \/>\nAll orders, regardless of their origin, are payable in euros.<\/p>\n<p>The prices are subject to change at any time, but the products shall be invoiced on the basis of the rate in force at the time of recording the order and are subject to availability. The products remain the property until full AMC ETEC payment. Caution: as soon as you take physical possession of the ordered products, the loss or damage risks of the products are transferred to you.<\/p>\n<h3>Article 3 \u2013 Orders<\/h3>\n<p>You can order:<br \/>\n\u2022 Online: www.ecocontact.eu\/en<br \/>\n\u2022 By phone: 00 33 (0)4 93 90 26 26<br \/>\nThe contractual information will be confirmed via e-mail before or when validating your order. AMC ETEC company reserves the right not to record a payment or not to confirm an order for whatever reason, in particular in case of supply problem or in case of difficulties related to the received order.<\/p>\n<h3>Article 4 \u2013 Order validation<\/h3>\n<p>Any order placed on the AMC ETEC Website\u00a0ecocontact.eu entails the acceptance of these General Conditions of sales.<br \/>\nAny confirmed order implies unreserved acceptance of our general conditions of sale. All DATA provided and the recorded order confirmation will constitute the proof of the business transaction.<br \/>\nUpon receiving the order form, the personal data and the way of payment, we will send a pro-forma invoice as the receipt of the order.<\/p>\n<h3>Article 5 &#8211; Payment<\/h3>\n<p>The order approval entails the obligation to pay the indicated price.<br \/>\nThe payment of your purchases is made via Paypal secured system (with an account or a credit card) or by credit transfer (the order is sent as soon as your payment is received).<\/p>\n<h3>Article 6 \u2013 Availability<\/h3>\n<p>Our products are valid as long as they are visible on ecocontact.eu website, and whilst stocks last. For products not stored in our warehouses, our offers are valid subject to the availability from our suppliers.<br \/>\nIf the product ordered is unavailable, you will be sent a notification by e-mail. . Your order will be cancelled and no payment will be taken from your credit card.<\/p>\n<h3>Article 7 &#8211; Delivery<\/h3>\n<p>The products are delivered by Chronopost or DHL to the delivery address listed when ordering, and according to the time limit indicated on the order confirmation page. However, AMC ETEC will not be responsible for possible delays due to carriers.<\/p>\n<h3>Article 8 \u2013 Responsibility<\/h3>\n<p>The available products are in compliance with the French legislation in force. AMC ETEC\u2019s responsibility could not be engaged in case of non-respect of the law in the country where the products are delivered. It is your responsibility to check with the local authorities the import possibilities or the using of items or services you intend to order.<br \/>\nMoreover, AMC ETEC will not be liable for any damage resulting from the misuse of the product bought.<br \/>\nAnd to finish , AMC ETEC \u2018 s responsibility could not be engaged in case of the inconvenience and damage inherent to the use of the Internet network, namely service interruption, outside intrusion, or IT virus.<\/p>\n<h3>Article 9 &#8211; Applicable law in the event of dispute<\/h3>\n<p>The present conditions are subject to French law. In the event of dispute, the French courts will be only qualified.<\/p>\n<h3>Article 10 \u2013 Archiving Evidence<\/h3>\n<p>A copy of the purchase of the products and related services will be kept on line at a secure address by AMC ETEC in accordance with article 1348 of the Civil.<br \/>\nThe computer records of the AMC ETEC company will be considered as proof of the communications, orders and payments between the parties.<\/p>\n","protected":false},"excerpt":{"rendered":"<p>Article 1 \u2013 Object These General Conditions of Sale govern all customer purchase orders of products and services realised by AMC ETEC company, located 37 Avenue des Arlucs, 06150 Cannes, owner of the website ecocontact.eu. Article 2 \u2013 Price The items prices are specified in Euro before tax, unless otherwise specification and excluding contribution to [&hellip;]<\/p>\n","protected":false},"author":1,"featured_media":0,"parent":0,"menu_order":0,"comment_status":"closed","ping_status":"closed","template":"","meta":{"footnotes":""},"class_list":["post-1241","page","type-page","status-publish","hentry"],"yoast_head":"<!-- This site is optimized with the Yoast SEO Premium plugin v23.5 (Yoast SEO v27.5) - https:\/\/yoast.com\/product\/yoast-seo-premium-wordpress\/ -->\n<title>General Conditions of Sale - Ecocontact<\/title>\n<meta name=\"robots\" content=\"index, follow, max-snippet:-1, max-image-preview:large, max-video-preview:-1\" \/>\n<link rel=\"canonical\" href=\"https:\/\/www.ecocontact.eu\/en\/general-conditions-of-sale\/\" \/>\n<meta property=\"og:locale\" content=\"en_US\" \/>\n<meta property=\"og:type\" content=\"article\" \/>\n<meta property=\"og:title\" content=\"General Conditions of Sale\" \/>\n<meta property=\"og:description\" content=\"Article 1 \u2013 Object These General Conditions of Sale govern all customer purchase orders of products and services realised by AMC ETEC company, located 37 Avenue des Arlucs, 06150 Cannes, owner of the website ecocontact.eu. Article 2 \u2013 Price The items prices are specified in Euro before tax, unless otherwise specification and excluding contribution to [&hellip;]\" \/>\n<meta property=\"og:url\" content=\"https:\/\/www.ecocontact.eu\/en\/general-conditions-of-sale\/\" \/>\n<meta property=\"og:site_name\" content=\"Ecocontact\" \/>\n<meta property=\"article:publisher\" content=\"https:\/\/www.facebook.com\/ecocontactsolutions\/\" \/>\n<meta property=\"article:modified_time\" content=\"2018-09-14T08:44:16+00:00\" \/>\n<meta property=\"og:image\" content=\"https:\/\/www.ecocontact.eu\/wp-content\/uploads\/2024\/07\/ecocontact-ban.jpg\" \/>\n\t<meta property=\"og:image:width\" content=\"1200\" \/>\n\t<meta property=\"og:image:height\" content=\"675\" \/>\n\t<meta property=\"og:image:type\" content=\"image\/jpeg\" \/>\n<meta name=\"twitter:card\" content=\"summary_large_image\" \/>\n<meta name=\"twitter:label1\" content=\"Est. reading time\" \/>\n\t<meta name=\"twitter:data1\" content=\"4 minutes\" \/>\n<script type=\"application\/ld+json\" class=\"yoast-schema-graph\">{\"@context\":\"https:\\\/\\\/schema.org\",\"@graph\":[{\"@type\":\"WebPage\",\"@id\":\"https:\\\/\\\/www.ecocontact.eu\\\/en\\\/general-conditions-of-sale\\\/\",\"url\":\"https:\\\/\\\/www.ecocontact.eu\\\/en\\\/general-conditions-of-sale\\\/\",\"name\":\"General Conditions of Sale - Ecocontact\",\"isPartOf\":{\"@id\":\"https:\\\/\\\/www.ecocontact.eu\\\/#website\"},\"datePublished\":\"2018-04-17T12:53:52+00:00\",\"dateModified\":\"2018-09-14T08:44:16+00:00\",\"breadcrumb\":{\"@id\":\"https:\\\/\\\/www.ecocontact.eu\\\/en\\\/general-conditions-of-sale\\\/#breadcrumb\"},\"inLanguage\":\"en-US\",\"potentialAction\":[{\"@type\":\"ReadAction\",\"target\":[\"https:\\\/\\\/www.ecocontact.eu\\\/en\\\/general-conditions-of-sale\\\/\"]}]},{\"@type\":\"BreadcrumbList\",\"@id\":\"https:\\\/\\\/www.ecocontact.eu\\\/en\\\/general-conditions-of-sale\\\/#breadcrumb\",\"itemListElement\":[{\"@type\":\"ListItem\",\"position\":1,\"name\":\"Accueil\",\"item\":\"https:\\\/\\\/www.ecocontact.eu\\\/en\\\/home-2\\\/\"},{\"@type\":\"ListItem\",\"position\":2,\"name\":\"General Conditions of Sale\"}]},{\"@type\":\"WebSite\",\"@id\":\"https:\\\/\\\/www.ecocontact.eu\\\/#website\",\"url\":\"https:\\\/\\\/www.ecocontact.eu\\\/\",\"name\":\"Ecocontact\",\"description\":\"Solution simple et efficace contre les pertes \u00e9nerg\u00e9tiques dans les contacts \u00e9lectriques\",\"publisher\":{\"@id\":\"https:\\\/\\\/www.ecocontact.eu\\\/#organization\"},\"potentialAction\":[{\"@type\":\"SearchAction\",\"target\":{\"@type\":\"EntryPoint\",\"urlTemplate\":\"https:\\\/\\\/www.ecocontact.eu\\\/?s={search_term_string}\"},\"query-input\":{\"@type\":\"PropertyValueSpecification\",\"valueRequired\":true,\"valueName\":\"search_term_string\"}}],\"inLanguage\":\"en-US\"},{\"@type\":\"Organization\",\"@id\":\"https:\\\/\\\/www.ecocontact.eu\\\/#organization\",\"name\":\"Ecocontact\",\"url\":\"https:\\\/\\\/www.ecocontact.eu\\\/\",\"logo\":{\"@type\":\"ImageObject\",\"inLanguage\":\"en-US\",\"@id\":\"https:\\\/\\\/www.ecocontact.eu\\\/#\\\/schema\\\/logo\\\/image\\\/\",\"url\":\"https:\\\/\\\/www.ecocontact.eu\\\/wp-content\\\/uploads\\\/2024\\\/07\\\/EcoContact.jpg\",\"contentUrl\":\"https:\\\/\\\/www.ecocontact.eu\\\/wp-content\\\/uploads\\\/2024\\\/07\\\/EcoContact.jpg\",\"width\":696,\"height\":696,\"caption\":\"Ecocontact\"},\"image\":{\"@id\":\"https:\\\/\\\/www.ecocontact.eu\\\/#\\\/schema\\\/logo\\\/image\\\/\"},\"sameAs\":[\"https:\\\/\\\/www.facebook.com\\\/ecocontactsolutions\\\/\",\"https:\\\/\\\/www.instagram.com\\\/amc.groupe\"],\"description\":\"Ecocontact\u00ae est une solution innovante d\u00e9velopp\u00e9e par AMC, sp\u00e9cialiste dans la conception et la fabrication de composants pour circuits \u00e9lectro-intensifs. Ce produit de pointe assure des connexions \u00e9lectriques fiables et performantes, r\u00e9duisant les pertes \u00e9nerg\u00e9tiques et am\u00e9liorant l'efficacit\u00e9 de vos installations. Fort de plus de 20 ans d'expertise et de 40 brevets actifs, le groupe AMC propose Ecocontact\u00ae pour r\u00e9pondre aux exigences des secteurs de l'\u00e9nergie, de l'industrie et des infrastructures. D\u00e9couvrez comment Ecocontact\u00ae peut optimiser et transformer vos op\u00e9rations avec des solutions sur mesure, sans n\u00e9cessit\u00e9 de maintenance, des d\u00e9lais de livraison rapides et une fabrication 100% fran\u00e7aise.\",\"telephone\":\"+33(0)493902626\",\"legalName\":\"AMC Ecocontact\"}]}<\/script>\n<!-- \/ Yoast SEO Premium plugin. -->","yoast_head_json":{"title":"General Conditions of Sale - Ecocontact","robots":{"index":"index","follow":"follow","max-snippet":"max-snippet:-1","max-image-preview":"max-image-preview:large","max-video-preview":"max-video-preview:-1"},"canonical":"https:\/\/www.ecocontact.eu\/en\/general-conditions-of-sale\/","og_locale":"en_US","og_type":"article","og_title":"General Conditions of Sale","og_description":"Article 1 \u2013 Object These General Conditions of Sale govern all customer purchase orders of products and services realised by AMC ETEC company, located 37 Avenue des Arlucs, 06150 Cannes, owner of the website ecocontact.eu. Article 2 \u2013 Price The items prices are specified in Euro before tax, unless otherwise specification and excluding contribution to [&hellip;]","og_url":"https:\/\/www.ecocontact.eu\/en\/general-conditions-of-sale\/","og_site_name":"Ecocontact","article_publisher":"https:\/\/www.facebook.com\/ecocontactsolutions\/","article_modified_time":"2018-09-14T08:44:16+00:00","og_image":[{"width":1200,"height":675,"url":"https:\/\/www.ecocontact.eu\/wp-content\/uploads\/2024\/07\/ecocontact-ban.jpg","type":"image\/jpeg"}],"twitter_card":"summary_large_image","twitter_misc":{"Est. reading time":"4 minutes"},"schema":{"@context":"https:\/\/schema.org","@graph":[{"@type":"WebPage","@id":"https:\/\/www.ecocontact.eu\/en\/general-conditions-of-sale\/","url":"https:\/\/www.ecocontact.eu\/en\/general-conditions-of-sale\/","name":"General Conditions of Sale - Ecocontact","isPartOf":{"@id":"https:\/\/www.ecocontact.eu\/#website"},"datePublished":"2018-04-17T12:53:52+00:00","dateModified":"2018-09-14T08:44:16+00:00","breadcrumb":{"@id":"https:\/\/www.ecocontact.eu\/en\/general-conditions-of-sale\/#breadcrumb"},"inLanguage":"en-US","potentialAction":[{"@type":"ReadAction","target":["https:\/\/www.ecocontact.eu\/en\/general-conditions-of-sale\/"]}]},{"@type":"BreadcrumbList","@id":"https:\/\/www.ecocontact.eu\/en\/general-conditions-of-sale\/#breadcrumb","itemListElement":[{"@type":"ListItem","position":1,"name":"Accueil","item":"https:\/\/www.ecocontact.eu\/en\/home-2\/"},{"@type":"ListItem","position":2,"name":"General Conditions of Sale"}]},{"@type":"WebSite","@id":"https:\/\/www.ecocontact.eu\/#website","url":"https:\/\/www.ecocontact.eu\/","name":"Ecocontact","description":"Solution simple et efficace contre les pertes \u00e9nerg\u00e9tiques dans les contacts \u00e9lectriques","publisher":{"@id":"https:\/\/www.ecocontact.eu\/#organization"},"potentialAction":[{"@type":"SearchAction","target":{"@type":"EntryPoint","urlTemplate":"https:\/\/www.ecocontact.eu\/?s={search_term_string}"},"query-input":{"@type":"PropertyValueSpecification","valueRequired":true,"valueName":"search_term_string"}}],"inLanguage":"en-US"},{"@type":"Organization","@id":"https:\/\/www.ecocontact.eu\/#organization","name":"Ecocontact","url":"https:\/\/www.ecocontact.eu\/","logo":{"@type":"ImageObject","inLanguage":"en-US","@id":"https:\/\/www.ecocontact.eu\/#\/schema\/logo\/image\/","url":"https:\/\/www.ecocontact.eu\/wp-content\/uploads\/2024\/07\/EcoContact.jpg","contentUrl":"https:\/\/www.ecocontact.eu\/wp-content\/uploads\/2024\/07\/EcoContact.jpg","width":696,"height":696,"caption":"Ecocontact"},"image":{"@id":"https:\/\/www.ecocontact.eu\/#\/schema\/logo\/image\/"},"sameAs":["https:\/\/www.facebook.com\/ecocontactsolutions\/","https:\/\/www.instagram.com\/amc.groupe"],"description":"Ecocontact\u00ae est une solution innovante d\u00e9velopp\u00e9e par AMC, sp\u00e9cialiste dans la conception et la fabrication de composants pour circuits \u00e9lectro-intensifs. Ce produit de pointe assure des connexions \u00e9lectriques fiables et performantes, r\u00e9duisant les pertes \u00e9nerg\u00e9tiques et am\u00e9liorant l'efficacit\u00e9 de vos installations. Fort de plus de 20 ans d'expertise et de 40 brevets actifs, le groupe AMC propose Ecocontact\u00ae pour r\u00e9pondre aux exigences des secteurs de l'\u00e9nergie, de l'industrie et des infrastructures. D\u00e9couvrez comment Ecocontact\u00ae peut optimiser et transformer vos op\u00e9rations avec des solutions sur mesure, sans n\u00e9cessit\u00e9 de maintenance, des d\u00e9lais de livraison rapides et une fabrication 100% fran\u00e7aise.","telephone":"+33(0)493902626","legalName":"AMC Ecocontact"}]}},"jetpack_sharing_enabled":true,"jetpack_shortlink":"https:\/\/wp.me\/Pa9Tsk-k1","_links":{"self":[{"href":"https:\/\/www.ecocontact.eu\/en\/wp-json\/wp\/v2\/pages\/1241","targetHints":{"allow":["GET"]}}],"collection":[{"href":"https:\/\/www.ecocontact.eu\/en\/wp-json\/wp\/v2\/pages"}],"about":[{"href":"https:\/\/www.ecocontact.eu\/en\/wp-json\/wp\/v2\/types\/page"}],"author":[{"embeddable":true,"href":"https:\/\/www.ecocontact.eu\/en\/wp-json\/wp\/v2\/users\/1"}],"replies":[{"embeddable":true,"href":"https:\/\/www.ecocontact.eu\/en\/wp-json\/wp\/v2\/comments?post=1241"}],"version-history":[{"count":0,"href":"https:\/\/www.ecocontact.eu\/en\/wp-json\/wp\/v2\/pages\/1241\/revisions"}],"wp:attachment":[{"href":"https:\/\/www.ecocontact.eu\/en\/wp-json\/wp\/v2\/media?parent=1241"}],"curies":[{"name":"wp","href":"https:\/\/api.w.org\/{rel}","templated":true}]}}